{"id":416,"date":"2026-03-31T10:03:54","date_gmt":"2026-03-31T10:03:54","guid":{"rendered":"http:\/\/tramviet05.com\/?post_type=product&#038;p=416"},"modified":"2026-03-31T10:03:54","modified_gmt":"2026-03-31T10:03:54","slug":"nhang-tram-huong-co-tam-3-tac-4-tac","status":"publish","type":"product","link":"https:\/\/tramviet05.com\/?product=nhang-tram-huong-co-tam-3-tac-4-tac","title":{"rendered":"Nhang c\u00e2y tr\u1ea7m h\u01b0\u01a1ng ph\u1ed5 th\u00f4ng"},"content":{"rendered":"<p data-start=\"145\" data-end=\"360\"><strong data-start=\"145\" data-end=\"172\">Nhang tr\u1ea7m h\u01b0\u01a1ng c\u00f3 t\u0103m<\/strong> l\u00e0 d\u00f2ng s\u1ea3n ph\u1ea9m \u0111\u01b0\u1ee3c s\u1eed d\u1ee5ng ph\u1ed5 bi\u1ebfn trong th\u1edd c\u00fang h\u1eb1ng ng\u00e0y nh\u1edd gi\u00e1 th\u00e0nh h\u1ee3p l\u00fd v\u00e0 ti\u1ec7n l\u1ee3i khi s\u1eed d\u1ee5ng. S\u1ea3n ph\u1ea9m ph\u00f9 h\u1ee3p cho gia \u0111\u00ecnh, c\u1eeda h\u00e0ng ho\u1eb7c nh\u1eefng n\u01a1i c\u1ea7n d\u00f9ng s\u1ed1 l\u01b0\u1ee3ng l\u1edbn.<\/p>\n<p data-start=\"362\" data-end=\"574\">Nhang tr\u1ea7m h\u01b0\u01a1ng c\u00f3 t\u0103m \u0111\u01b0\u1ee3c s\u1ea3n xu\u1ea5t t\u1eeb b\u1ed9t g\u1ed7 k\u1ebft h\u1ee3p h\u01b0\u01a1ng li\u1ec7u, mang l\u1ea1i m\u00f9i th\u01a1m \u0111\u1eadm, lan t\u1ecfa nhanh ngay khi \u0111\u1ed1t. \u0110\u00e2y l\u00e0 l\u1ef1a ch\u1ecdn t\u1ed1i \u01b0u cho nh\u1eefng ai c\u1ea7n m\u1ed9t lo\u1ea1i nhang d\u1ec5 ch\u00e1y, \u1ed5n \u0111\u1ecbnh v\u00e0 ti\u1ebft ki\u1ec7m chi ph\u00ed.<\/p>\n<h3 data-section-id=\"1rs4ia7\" data-start=\"581\" data-end=\"624\"><span role=\"text\">\u00a0<strong data-start=\"588\" data-end=\"624\">\u0110\u1eb7c \u0111i\u1ec3m nhang tr\u1ea7m h\u01b0\u01a1ng c\u00f3 t\u0103m<\/strong><\/span><\/h3>\n<ul data-start=\"625\" data-end=\"731\">\n<li data-section-id=\"n1ke1m\" data-start=\"625\" data-end=\"653\">M\u00f9i h\u01b0\u01a1ng \u0111\u1eadm, lan nhanh<\/li>\n<li data-section-id=\"12y8nnk\" data-start=\"654\" data-end=\"675\">D\u1ec5 ch\u00e1y, ch\u00e1y \u0111\u1ec1u<\/li>\n<li data-section-id=\"1n1ouzm\" data-start=\"676\" data-end=\"707\">Ph\u00f9 h\u1ee3p th\u1eafp h\u01b0\u01a1ng m\u1ed7i ng\u00e0y<\/li>\n<li data-section-id=\"2lgmf7\" data-start=\"708\" data-end=\"731\">Gi\u00e1 th\u00e0nh ti\u1ebft ki\u1ec7m<\/li>\n<\/ul>\n<h3 data-section-id=\"ivirko\" data-start=\"738\" data-end=\"781\"><span role=\"text\">\u00a0<strong data-start=\"745\" data-end=\"781\">Quy c\u00e1ch nhang tr\u1ea7m h\u01b0\u01a1ng c\u00f3 t\u0103m<\/strong><\/span><\/h3>\n<ul data-start=\"782\" data-end=\"845\">\n<li data-section-id=\"5skoz0\" data-start=\"782\" data-end=\"813\">Nhang 3 t\u1ea5c: kho\u1ea3ng 420 que<\/li>\n<li data-section-id=\"16zmo8c\" data-start=\"814\" data-end=\"845\">Nhang 4 t\u1ea5c: kho\u1ea3ng 320 que<\/li>\n<\/ul>\n<h3 data-section-id=\"16mn2p0\" data-start=\"852\" data-end=\"895\"><span role=\"text\">\u00a0<strong data-start=\"859\" data-end=\"895\">\u1ee8ng d\u1ee5ng nhang tr\u1ea7m h\u01b0\u01a1ng c\u00f3 t\u0103m<\/strong><\/span><\/h3>\n<ul data-start=\"896\" data-end=\"1003\">\n<li data-section-id=\"10w7q27\" data-start=\"896\" data-end=\"929\">Th\u1eafp h\u01b0\u01a1ng gia \u0111\u00ecnh h\u1eb1ng ng\u00e0y<\/li>\n<li data-section-id=\"3my4jc\" data-start=\"930\" data-end=\"962\">D\u00f9ng trong c\u1eeda h\u00e0ng, qu\u00e1n \u0103n<\/li>\n<li data-section-id=\"1ji6hkb\" data-start=\"963\" data-end=\"1003\">Ph\u00f9 h\u1ee3p nhu c\u1ea7u s\u1eed d\u1ee5ng s\u1ed1 l\u01b0\u1ee3ng l\u1edbn<\/li>\n<\/ul>\n<h3 data-section-id=\"8uhbj3\" data-start=\"1163\" data-end=\"1191\"><span role=\"text\">\u00a0<strong data-start=\"1170\" data-end=\"1191\">L\u01b0u \u00fd khi s\u1eed d\u1ee5ng<\/strong><\/span><\/h3>\n<ul data-start=\"1192\" data-end=\"1282\">\n<li data-section-id=\"1l6xlud\" data-start=\"1192\" data-end=\"1222\">N\u00ean \u0111\u1ed1t \u1edf n\u01a1i th\u00f4ng tho\u00e1ng<\/li>\n<li data-section-id=\"1lhkvf5\" data-start=\"1223\" data-end=\"1257\">Tr\u00e1nh n\u01a1i k\u00edn gi\u00f3 \u0111\u1ec3 gi\u1ea3m kh\u00f3i<\/li>\n<li data-section-id=\"14sm3fm\" data-start=\"1258\" data-end=\"1282\">B\u1ea3o qu\u1ea3n n\u01a1i kh\u00f4 r\u00e1o<\/li>\n<\/ul>\n","protected":false},"excerpt":{"rendered":"<p>Nhang tr\u1ea7m h\u01b0\u01a1ng ph\u1ed5 th\u00f4ng v\u1edbi m\u00f9i th\u01a1m \u0111\u1eadm, lan nhanh ngay khi \u0111\u1ed1t, ph\u00f9 h\u1ee3p th\u1eafp h\u01b0\u01a1ng h\u1eb1ng ng\u00e0y. S\u1ea3n ph\u1ea9m d\u1ec5 ch\u00e1y, ti\u1ec7n s\u1eed d\u1ee5ng, gi\u00e1 th\u00e0nh ti\u1ebft ki\u1ec7m &#8211; l\u1ef1a ch\u1ecdn l\u00fd t\u01b0\u1edfng cho gia \u0111\u00ecnh v\u00e0 nhu c\u1ea7u d\u00f9ng s\u1ed1 l\u01b0\u1ee3ng l\u1edbn.<\/p>\n","protected":false},"featured_media":419,"comment_status":"open","ping_status":"closed","template":"","meta":{"postBodyCss":"","postBodyMargin":[],"postBodyPadding":[],"postBodyBackground":{"backgroundType":"classic","gradient":""}},"product_brand":[29],"product_cat":[30],"product_tag":[49,50,38],"class_list":{"0":"post-416","1":"product","2":"type-product","3":"status-publish","4":"has-post-thumbnail","6":"product_brand-tram-viet","7":"product_cat-nhang-cay","8":"product_tag-nhang-cay","9":"product_tag-nhang-dung-ngay-ram","10":"product_tag-nhang-tram-huong","12":"first","13":"instock","14":"sale","15":"shipping-taxable","16":"purchasable","17":"product-type-simple"},"yoast_head":"<!-- This site is optimized with the Yoast SEO plugin v27.4 - https:\/\/yoast.com\/product\/yoast-seo-wordpress\/ -->\n<title>Nhang c\u00e2y tr\u1ea7m h\u01b0\u01a1ng ph\u1ed5 th\u00f4ng - TR\u1ea6M VI\u1ec6T<\/title>\n<meta name=\"description\" content=\"Nhang tr\u1ea7m h\u01b0\u01a1ng ph\u1ed5 th\u00f4ng l\u00e0 d\u00f2ng s\u1ea3n ph\u1ea9m ph\u00f9 h\u1ee3p cho nhu c\u1ea7u th\u1eafp h\u01b0\u01a1ng th\u01b0\u1eddng xuy\u00ean v\u1edbi m\u1ee9c gi\u00e1 h\u1ee3p l\u00fd. \u0110\u01b0\u1ee3c s\u1ea3n xu\u1ea5t t\u1eeb b\u1ed9t g\u1ed7 k\u1ebft h\u1ee3p h\u01b0\u01a1ng li\u1ec7u, s\u1ea3n ph\u1ea9m mang \u0111\u1ebfn m\u00f9i h\u01b0\u01a1ng \u0111\u1eadm, lan t\u1ecfa nhanh ngay khi \u0111\u1ed1t, gi\u00fap kh\u00f4ng gian tr\u1edf n\u00ean \u1ea5m c\u00fang v\u00e0 trang nghi\u00eam.S\u1ea3n ph\u1ea9m d\u1ec5 ch\u00e1y, ch\u00e1y \u0111\u1ec1u v\u00e0 \u1ed5n \u0111\u1ecbnh, thu\u1eadn ti\u1ec7n s\u1eed d\u1ee5ng trong gia \u0111\u00ecnh, c\u1eeda h\u00e0ng ho\u1eb7c nh\u1eefng n\u01a1i c\u1ea7n d\u00f9ng v\u1edbi s\u1ed1 l\u01b0\u1ee3ng l\u1edbn. \u0110\u00e2y l\u00e0 l\u1ef1a ch\u1ecdn t\u1ed1i \u01b0u cho kh\u00e1ch h\u00e0ng \u01b0u ti\u00ean s\u1ef1 ti\u1ec7n l\u1ee3i v\u00e0 ti\u1ebft ki\u1ec7m chi ph\u00ed.\" \/>\n<meta name=\"robots\" content=\"index, follow, max-snippet:-1, max-image-preview:large, max-video-preview:-1\" \/>\n<link rel=\"canonical\" href=\"https:\/\/tramviet05.com\/?product=nhang-tram-huong-co-tam-3-tac-4-tac\" \/>\n<meta property=\"og:locale\" content=\"vi_VN\" \/>\n<meta property=\"og:type\" content=\"article\" \/>\n<meta property=\"og:title\" content=\"Nhang c\u00e2y tr\u1ea7m h\u01b0\u01a1ng ph\u1ed5 th\u00f4ng - TR\u1ea6M VI\u1ec6T\" \/>\n<meta property=\"og:description\" content=\"Nhang tr\u1ea7m h\u01b0\u01a1ng ph\u1ed5 th\u00f4ng l\u00e0 d\u00f2ng s\u1ea3n ph\u1ea9m ph\u00f9 h\u1ee3p cho nhu c\u1ea7u th\u1eafp h\u01b0\u01a1ng th\u01b0\u1eddng xuy\u00ean v\u1edbi m\u1ee9c gi\u00e1 h\u1ee3p l\u00fd. \u0110\u01b0\u1ee3c s\u1ea3n xu\u1ea5t t\u1eeb b\u1ed9t g\u1ed7 k\u1ebft h\u1ee3p h\u01b0\u01a1ng li\u1ec7u, s\u1ea3n ph\u1ea9m mang \u0111\u1ebfn m\u00f9i h\u01b0\u01a1ng \u0111\u1eadm, lan t\u1ecfa nhanh ngay khi \u0111\u1ed1t, gi\u00fap kh\u00f4ng gian tr\u1edf n\u00ean \u1ea5m c\u00fang v\u00e0 trang nghi\u00eam.S\u1ea3n ph\u1ea9m d\u1ec5 ch\u00e1y, ch\u00e1y \u0111\u1ec1u v\u00e0 \u1ed5n \u0111\u1ecbnh, thu\u1eadn ti\u1ec7n s\u1eed d\u1ee5ng trong gia \u0111\u00ecnh, c\u1eeda h\u00e0ng ho\u1eb7c nh\u1eefng n\u01a1i c\u1ea7n d\u00f9ng v\u1edbi s\u1ed1 l\u01b0\u1ee3ng l\u1edbn. \u0110\u00e2y l\u00e0 l\u1ef1a ch\u1ecdn t\u1ed1i \u01b0u cho kh\u00e1ch h\u00e0ng \u01b0u ti\u00ean s\u1ef1 ti\u1ec7n l\u1ee3i v\u00e0 ti\u1ebft ki\u1ec7m chi ph\u00ed.\" \/>\n<meta property=\"og:url\" content=\"https:\/\/tramviet05.com\/?product=nhang-tram-huong-co-tam-3-tac-4-tac\" \/>\n<meta property=\"og:site_name\" content=\"TR\u1ea6M VI\u1ec6T\" \/>\n<meta property=\"article:publisher\" content=\"https:\/\/www.facebook.com\/profile.php?id=61580647362725\" \/>\n<meta property=\"og:image\" content=\"https:\/\/tramviet05.com\/wp-content\/uploads\/2026\/03\/557986727_122106700899021578_4111898493004602397_n-1.jpg\" \/>\n\t<meta property=\"og:image:width\" content=\"1620\" \/>\n\t<meta property=\"og:image:height\" content=\"1620\" \/>\n\t<meta property=\"og:image:type\" content=\"image\/jpeg\" \/>\n<meta name=\"twitter:card\" content=\"summary_large_image\" \/>\n<meta name=\"twitter:label1\" content=\"\u01af\u1edbc t\u00ednh th\u1eddi gian \u0111\u1ecdc\" \/>\n\t<meta name=\"twitter:data1\" content=\"2 ph\u00fat\" \/>\n<script type=\"application\/ld+json\" class=\"yoast-schema-graph\">{\"@context\":\"https:\\\/\\\/schema.org\",\"@graph\":[{\"@type\":\"WebPage\",\"@id\":\"https:\\\/\\\/tramviet05.com\\\/?product=nhang-tram-huong-co-tam-3-tac-4-tac\",\"url\":\"https:\\\/\\\/tramviet05.com\\\/?product=nhang-tram-huong-co-tam-3-tac-4-tac\",\"name\":\"Nhang c\u00e2y tr\u1ea7m h\u01b0\u01a1ng ph\u1ed5 th\u00f4ng - TR\u1ea6M VI\u1ec6T\",\"isPartOf\":{\"@id\":\"https:\\\/\\\/tramviet05.com\\\/#website\"},\"primaryImageOfPage\":{\"@id\":\"https:\\\/\\\/tramviet05.com\\\/?product=nhang-tram-huong-co-tam-3-tac-4-tac#primaryimage\"},\"image\":{\"@id\":\"https:\\\/\\\/tramviet05.com\\\/?product=nhang-tram-huong-co-tam-3-tac-4-tac#primaryimage\"},\"thumbnailUrl\":\"https:\\\/\\\/tramviet05.com\\\/wp-content\\\/uploads\\\/2026\\\/03\\\/557986727_122106700899021578_4111898493004602397_n-1.jpg\",\"datePublished\":\"2026-03-31T10:03:54+00:00\",\"description\":\"Nhang tr\u1ea7m h\u01b0\u01a1ng ph\u1ed5 th\u00f4ng l\u00e0 d\u00f2ng s\u1ea3n ph\u1ea9m ph\u00f9 h\u1ee3p cho nhu c\u1ea7u th\u1eafp h\u01b0\u01a1ng th\u01b0\u1eddng xuy\u00ean v\u1edbi m\u1ee9c gi\u00e1 h\u1ee3p l\u00fd. \u0110\u01b0\u1ee3c s\u1ea3n xu\u1ea5t t\u1eeb b\u1ed9t g\u1ed7 k\u1ebft h\u1ee3p h\u01b0\u01a1ng li\u1ec7u, s\u1ea3n ph\u1ea9m mang \u0111\u1ebfn m\u00f9i h\u01b0\u01a1ng \u0111\u1eadm, lan t\u1ecfa nhanh ngay khi \u0111\u1ed1t, gi\u00fap kh\u00f4ng gian tr\u1edf n\u00ean \u1ea5m c\u00fang v\u00e0 trang nghi\u00eam.S\u1ea3n ph\u1ea9m d\u1ec5 ch\u00e1y, ch\u00e1y \u0111\u1ec1u v\u00e0 \u1ed5n \u0111\u1ecbnh, thu\u1eadn ti\u1ec7n s\u1eed d\u1ee5ng trong gia \u0111\u00ecnh, c\u1eeda h\u00e0ng ho\u1eb7c nh\u1eefng n\u01a1i c\u1ea7n d\u00f9ng v\u1edbi s\u1ed1 l\u01b0\u1ee3ng l\u1edbn. \u0110\u00e2y l\u00e0 l\u1ef1a ch\u1ecdn t\u1ed1i \u01b0u cho kh\u00e1ch h\u00e0ng \u01b0u ti\u00ean s\u1ef1 ti\u1ec7n l\u1ee3i v\u00e0 ti\u1ebft ki\u1ec7m chi ph\u00ed.\",\"breadcrumb\":{\"@id\":\"https:\\\/\\\/tramviet05.com\\\/?product=nhang-tram-huong-co-tam-3-tac-4-tac#breadcrumb\"},\"inLanguage\":\"vi\",\"potentialAction\":[{\"@type\":\"ReadAction\",\"target\":[\"https:\\\/\\\/tramviet05.com\\\/?product=nhang-tram-huong-co-tam-3-tac-4-tac\"]}]},{\"@type\":\"ImageObject\",\"inLanguage\":\"vi\",\"@id\":\"https:\\\/\\\/tramviet05.com\\\/?product=nhang-tram-huong-co-tam-3-tac-4-tac#primaryimage\",\"url\":\"https:\\\/\\\/tramviet05.com\\\/wp-content\\\/uploads\\\/2026\\\/03\\\/557986727_122106700899021578_4111898493004602397_n-1.jpg\",\"contentUrl\":\"https:\\\/\\\/tramviet05.com\\\/wp-content\\\/uploads\\\/2026\\\/03\\\/557986727_122106700899021578_4111898493004602397_n-1.jpg\",\"width\":1620,\"height\":1620,\"caption\":\"Nhang tr\u1ea7m h\u01b0\u01a1ng c\u00f3 t\u0103m 3 t\u1ea5c v\u00e0 4 t\u1ea5c, b\u00f3 l\u1edbn 320 \u2013 420 que, ph\u00f9 h\u1ee3p th\u1eafp h\u01b0\u01a1ng h\u1eb1ng ng\u00e0y.\"},{\"@type\":\"BreadcrumbList\",\"@id\":\"https:\\\/\\\/tramviet05.com\\\/?product=nhang-tram-huong-co-tam-3-tac-4-tac#breadcrumb\",\"itemListElement\":[{\"@type\":\"ListItem\",\"position\":1,\"name\":\"Trang ch\u1ee7\",\"item\":\"https:\\\/\\\/tramviet05.com\\\/\"},{\"@type\":\"ListItem\",\"position\":2,\"name\":\"C\u1eeda h\u00e0ng\",\"item\":\"https:\\\/\\\/tramviet05.com\\\/?page_id=8\"},{\"@type\":\"ListItem\",\"position\":3,\"name\":\"Nhang c\u00e2y tr\u1ea7m h\u01b0\u01a1ng ph\u1ed5 th\u00f4ng\"}]},{\"@type\":\"WebSite\",\"@id\":\"https:\\\/\\\/tramviet05.com\\\/#website\",\"url\":\"https:\\\/\\\/tramviet05.com\\\/\",\"name\":\"TR\u1ea6M VI\u1ec6T\",\"description\":\"Chuy\u00ean cung c\u1ea5p c\u00e1c m\u1eb7t h\u00e0ng v\u1ec1 tr\u1ea7m h\u01b0\u01a1ng, uy t\u00edn v\u00e0 ch\u1ea5t l\u01b0\u1ee3ng cao\",\"publisher\":{\"@id\":\"https:\\\/\\\/tramviet05.com\\\/#organization\"},\"potentialAction\":[{\"@type\":\"SearchAction\",\"target\":{\"@type\":\"EntryPoint\",\"urlTemplate\":\"https:\\\/\\\/tramviet05.com\\\/?s={search_term_string}\"},\"query-input\":{\"@type\":\"PropertyValueSpecification\",\"valueRequired\":true,\"valueName\":\"search_term_string\"}}],\"inLanguage\":\"vi\"},{\"@type\":\"Organization\",\"@id\":\"https:\\\/\\\/tramviet05.com\\\/#organization\",\"name\":\"TR\u1ea6M VI\u1ec6T\",\"url\":\"https:\\\/\\\/tramviet05.com\\\/\",\"logo\":{\"@type\":\"ImageObject\",\"inLanguage\":\"vi\",\"@id\":\"https:\\\/\\\/tramviet05.com\\\/#\\\/schema\\\/logo\\\/image\\\/\",\"url\":\"https:\\\/\\\/tramviet05.com\\\/wp-content\\\/uploads\\\/2026\\\/02\\\/tai-xuong-1.png\",\"contentUrl\":\"https:\\\/\\\/tramviet05.com\\\/wp-content\\\/uploads\\\/2026\\\/02\\\/tai-xuong-1.png\",\"width\":382,\"height\":382,\"caption\":\"TR\u1ea6M VI\u1ec6T\"},\"image\":{\"@id\":\"https:\\\/\\\/tramviet05.com\\\/#\\\/schema\\\/logo\\\/image\\\/\"},\"sameAs\":[\"https:\\\/\\\/www.facebook.com\\\/profile.php?id=61580647362725\"]}]}<\/script>\n<!-- \/ Yoast SEO plugin. -->","yoast_head_json":{"title":"Nhang c\u00e2y tr\u1ea7m h\u01b0\u01a1ng ph\u1ed5 th\u00f4ng - TR\u1ea6M VI\u1ec6T","description":"Nhang tr\u1ea7m h\u01b0\u01a1ng ph\u1ed5 th\u00f4ng l\u00e0 d\u00f2ng s\u1ea3n ph\u1ea9m ph\u00f9 h\u1ee3p cho nhu c\u1ea7u th\u1eafp h\u01b0\u01a1ng th\u01b0\u1eddng xuy\u00ean v\u1edbi m\u1ee9c gi\u00e1 h\u1ee3p l\u00fd. \u0110\u01b0\u1ee3c s\u1ea3n xu\u1ea5t t\u1eeb b\u1ed9t g\u1ed7 k\u1ebft h\u1ee3p h\u01b0\u01a1ng li\u1ec7u, s\u1ea3n ph\u1ea9m mang \u0111\u1ebfn m\u00f9i h\u01b0\u01a1ng \u0111\u1eadm, lan t\u1ecfa nhanh ngay khi \u0111\u1ed1t, gi\u00fap kh\u00f4ng gian tr\u1edf n\u00ean \u1ea5m c\u00fang v\u00e0 trang nghi\u00eam.S\u1ea3n ph\u1ea9m d\u1ec5 ch\u00e1y, ch\u00e1y \u0111\u1ec1u v\u00e0 \u1ed5n \u0111\u1ecbnh, thu\u1eadn ti\u1ec7n s\u1eed d\u1ee5ng trong gia \u0111\u00ecnh, c\u1eeda h\u00e0ng ho\u1eb7c nh\u1eefng n\u01a1i c\u1ea7n d\u00f9ng v\u1edbi s\u1ed1 l\u01b0\u1ee3ng l\u1edbn. \u0110\u00e2y l\u00e0 l\u1ef1a ch\u1ecdn t\u1ed1i \u01b0u cho kh\u00e1ch h\u00e0ng \u01b0u ti\u00ean s\u1ef1 ti\u1ec7n l\u1ee3i v\u00e0 ti\u1ebft ki\u1ec7m chi ph\u00ed.","robots":{"index":"index","follow":"follow","max-snippet":"max-snippet:-1","max-image-preview":"max-image-preview:large","max-video-preview":"max-video-preview:-1"},"canonical":"https:\/\/tramviet05.com\/?product=nhang-tram-huong-co-tam-3-tac-4-tac","og_locale":"vi_VN","og_type":"article","og_title":"Nhang c\u00e2y tr\u1ea7m h\u01b0\u01a1ng ph\u1ed5 th\u00f4ng - TR\u1ea6M VI\u1ec6T","og_description":"Nhang tr\u1ea7m h\u01b0\u01a1ng ph\u1ed5 th\u00f4ng l\u00e0 d\u00f2ng s\u1ea3n ph\u1ea9m ph\u00f9 h\u1ee3p cho nhu c\u1ea7u th\u1eafp h\u01b0\u01a1ng th\u01b0\u1eddng xuy\u00ean v\u1edbi m\u1ee9c gi\u00e1 h\u1ee3p l\u00fd. \u0110\u01b0\u1ee3c s\u1ea3n xu\u1ea5t t\u1eeb b\u1ed9t g\u1ed7 k\u1ebft h\u1ee3p h\u01b0\u01a1ng li\u1ec7u, s\u1ea3n ph\u1ea9m mang \u0111\u1ebfn m\u00f9i h\u01b0\u01a1ng \u0111\u1eadm, lan t\u1ecfa nhanh ngay khi \u0111\u1ed1t, gi\u00fap kh\u00f4ng gian tr\u1edf n\u00ean \u1ea5m c\u00fang v\u00e0 trang nghi\u00eam.S\u1ea3n ph\u1ea9m d\u1ec5 ch\u00e1y, ch\u00e1y \u0111\u1ec1u v\u00e0 \u1ed5n \u0111\u1ecbnh, thu\u1eadn ti\u1ec7n s\u1eed d\u1ee5ng trong gia \u0111\u00ecnh, c\u1eeda h\u00e0ng ho\u1eb7c nh\u1eefng n\u01a1i c\u1ea7n d\u00f9ng v\u1edbi s\u1ed1 l\u01b0\u1ee3ng l\u1edbn. \u0110\u00e2y l\u00e0 l\u1ef1a ch\u1ecdn t\u1ed1i \u01b0u cho kh\u00e1ch h\u00e0ng \u01b0u ti\u00ean s\u1ef1 ti\u1ec7n l\u1ee3i v\u00e0 ti\u1ebft ki\u1ec7m chi ph\u00ed.","og_url":"https:\/\/tramviet05.com\/?product=nhang-tram-huong-co-tam-3-tac-4-tac","og_site_name":"TR\u1ea6M VI\u1ec6T","article_publisher":"https:\/\/www.facebook.com\/profile.php?id=61580647362725","og_image":[{"width":1620,"height":1620,"url":"https:\/\/tramviet05.com\/wp-content\/uploads\/2026\/03\/557986727_122106700899021578_4111898493004602397_n-1.jpg","type":"image\/jpeg"}],"twitter_card":"summary_large_image","twitter_misc":{"\u01af\u1edbc t\u00ednh th\u1eddi gian \u0111\u1ecdc":"2 ph\u00fat"},"schema":{"@context":"https:\/\/schema.org","@graph":[{"@type":"WebPage","@id":"https:\/\/tramviet05.com\/?product=nhang-tram-huong-co-tam-3-tac-4-tac","url":"https:\/\/tramviet05.com\/?product=nhang-tram-huong-co-tam-3-tac-4-tac","name":"Nhang c\u00e2y tr\u1ea7m h\u01b0\u01a1ng ph\u1ed5 th\u00f4ng - TR\u1ea6M VI\u1ec6T","isPartOf":{"@id":"https:\/\/tramviet05.com\/#website"},"primaryImageOfPage":{"@id":"https:\/\/tramviet05.com\/?product=nhang-tram-huong-co-tam-3-tac-4-tac#primaryimage"},"image":{"@id":"https:\/\/tramviet05.com\/?product=nhang-tram-huong-co-tam-3-tac-4-tac#primaryimage"},"thumbnailUrl":"https:\/\/tramviet05.com\/wp-content\/uploads\/2026\/03\/557986727_122106700899021578_4111898493004602397_n-1.jpg","datePublished":"2026-03-31T10:03:54+00:00","description":"Nhang tr\u1ea7m h\u01b0\u01a1ng ph\u1ed5 th\u00f4ng l\u00e0 d\u00f2ng s\u1ea3n ph\u1ea9m ph\u00f9 h\u1ee3p cho nhu c\u1ea7u th\u1eafp h\u01b0\u01a1ng th\u01b0\u1eddng xuy\u00ean v\u1edbi m\u1ee9c gi\u00e1 h\u1ee3p l\u00fd. \u0110\u01b0\u1ee3c s\u1ea3n xu\u1ea5t t\u1eeb b\u1ed9t g\u1ed7 k\u1ebft h\u1ee3p h\u01b0\u01a1ng li\u1ec7u, s\u1ea3n ph\u1ea9m mang \u0111\u1ebfn m\u00f9i h\u01b0\u01a1ng \u0111\u1eadm, lan t\u1ecfa nhanh ngay khi \u0111\u1ed1t, gi\u00fap kh\u00f4ng gian tr\u1edf n\u00ean \u1ea5m c\u00fang v\u00e0 trang nghi\u00eam.S\u1ea3n ph\u1ea9m d\u1ec5 ch\u00e1y, ch\u00e1y \u0111\u1ec1u v\u00e0 \u1ed5n \u0111\u1ecbnh, thu\u1eadn ti\u1ec7n s\u1eed d\u1ee5ng trong gia \u0111\u00ecnh, c\u1eeda h\u00e0ng ho\u1eb7c nh\u1eefng n\u01a1i c\u1ea7n d\u00f9ng v\u1edbi s\u1ed1 l\u01b0\u1ee3ng l\u1edbn. \u0110\u00e2y l\u00e0 l\u1ef1a ch\u1ecdn t\u1ed1i \u01b0u cho kh\u00e1ch h\u00e0ng \u01b0u ti\u00ean s\u1ef1 ti\u1ec7n l\u1ee3i v\u00e0 ti\u1ebft ki\u1ec7m chi ph\u00ed.","breadcrumb":{"@id":"https:\/\/tramviet05.com\/?product=nhang-tram-huong-co-tam-3-tac-4-tac#breadcrumb"},"inLanguage":"vi","potentialAction":[{"@type":"ReadAction","target":["https:\/\/tramviet05.com\/?product=nhang-tram-huong-co-tam-3-tac-4-tac"]}]},{"@type":"ImageObject","inLanguage":"vi","@id":"https:\/\/tramviet05.com\/?product=nhang-tram-huong-co-tam-3-tac-4-tac#primaryimage","url":"https:\/\/tramviet05.com\/wp-content\/uploads\/2026\/03\/557986727_122106700899021578_4111898493004602397_n-1.jpg","contentUrl":"https:\/\/tramviet05.com\/wp-content\/uploads\/2026\/03\/557986727_122106700899021578_4111898493004602397_n-1.jpg","width":1620,"height":1620,"caption":"Nhang tr\u1ea7m h\u01b0\u01a1ng c\u00f3 t\u0103m 3 t\u1ea5c v\u00e0 4 t\u1ea5c, b\u00f3 l\u1edbn 320 \u2013 420 que, ph\u00f9 h\u1ee3p th\u1eafp h\u01b0\u01a1ng h\u1eb1ng ng\u00e0y."},{"@type":"BreadcrumbList","@id":"https:\/\/tramviet05.com\/?product=nhang-tram-huong-co-tam-3-tac-4-tac#breadcrumb","itemListElement":[{"@type":"ListItem","position":1,"name":"Trang ch\u1ee7","item":"https:\/\/tramviet05.com\/"},{"@type":"ListItem","position":2,"name":"C\u1eeda h\u00e0ng","item":"https:\/\/tramviet05.com\/?page_id=8"},{"@type":"ListItem","position":3,"name":"Nhang c\u00e2y tr\u1ea7m h\u01b0\u01a1ng ph\u1ed5 th\u00f4ng"}]},{"@type":"WebSite","@id":"https:\/\/tramviet05.com\/#website","url":"https:\/\/tramviet05.com\/","name":"TR\u1ea6M VI\u1ec6T","description":"Chuy\u00ean cung c\u1ea5p c\u00e1c m\u1eb7t h\u00e0ng v\u1ec1 tr\u1ea7m h\u01b0\u01a1ng, uy t\u00edn v\u00e0 ch\u1ea5t l\u01b0\u1ee3ng cao","publisher":{"@id":"https:\/\/tramviet05.com\/#organization"},"potentialAction":[{"@type":"SearchAction","target":{"@type":"EntryPoint","urlTemplate":"https:\/\/tramviet05.com\/?s={search_term_string}"},"query-input":{"@type":"PropertyValueSpecification","valueRequired":true,"valueName":"search_term_string"}}],"inLanguage":"vi"},{"@type":"Organization","@id":"https:\/\/tramviet05.com\/#organization","name":"TR\u1ea6M VI\u1ec6T","url":"https:\/\/tramviet05.com\/","logo":{"@type":"ImageObject","inLanguage":"vi","@id":"https:\/\/tramviet05.com\/#\/schema\/logo\/image\/","url":"https:\/\/tramviet05.com\/wp-content\/uploads\/2026\/02\/tai-xuong-1.png","contentUrl":"https:\/\/tramviet05.com\/wp-content\/uploads\/2026\/02\/tai-xuong-1.png","width":382,"height":382,"caption":"TR\u1ea6M VI\u1ec6T"},"image":{"@id":"https:\/\/tramviet05.com\/#\/schema\/logo\/image\/"},"sameAs":["https:\/\/www.facebook.com\/profile.php?id=61580647362725"]}]}},"_links":{"self":[{"href":"https:\/\/tramviet05.com\/index.php?rest_route=\/wp\/v2\/product\/416","targetHints":{"allow":["GET"]}}],"collection":[{"href":"https:\/\/tramviet05.com\/index.php?rest_route=\/wp\/v2\/product"}],"about":[{"href":"https:\/\/tramviet05.com\/index.php?rest_route=\/wp\/v2\/types\/product"}],"replies":[{"embeddable":true,"href":"https:\/\/tramviet05.com\/index.php?rest_route=%2Fwp%2Fv2%2Fcomments&post=416"}],"wp:featuredmedia":[{"embeddable":true,"href":"https:\/\/tramviet05.com\/index.php?rest_route=\/wp\/v2\/media\/419"}],"wp:attachment":[{"href":"https:\/\/tramviet05.com\/index.php?rest_route=%2Fwp%2Fv2%2Fmedia&parent=416"}],"wp:term":[{"taxonomy":"product_brand","embeddable":true,"href":"https:\/\/tramviet05.com\/index.php?rest_route=%2Fwp%2Fv2%2Fproduct_brand&post=416"},{"taxonomy":"product_cat","embeddable":true,"href":"https:\/\/tramviet05.com\/index.php?rest_route=%2Fwp%2Fv2%2Fproduct_cat&post=416"},{"taxonomy":"product_tag","embeddable":true,"href":"https:\/\/tramviet05.com\/index.php?rest_route=%2Fwp%2Fv2%2Fproduct_tag&post=416"}],"curies":[{"name":"wp","href":"https:\/\/api.w.org\/{rel}","templated":true}]}}