{"id":510,"date":"2026-04-23T15:04:08","date_gmt":"2026-04-23T08:04:08","guid":{"rendered":"https:\/\/tramviet05.com\/?page_id=510"},"modified":"2026-04-23T15:08:11","modified_gmt":"2026-04-23T08:08:11","slug":"tram-huong-la-gi-nguon-goc-cong-dung","status":"publish","type":"page","link":"https:\/\/tramviet05.com\/?page_id=510","title":{"rendered":"Ki\u1ebfn th\u1ee9c tr\u1ea7m h\u01b0\u01a1ng"},"content":{"rendered":"\n<p><strong>Tr\u1ea7m h\u01b0\u01a1ng<\/strong> kh\u00f4ng ch\u1ec9 l\u00e0 m\u1ed9t lo\u1ea1i g\u1ed7 th\u01a1m th\u00f4ng th\u01b0\u1eddng. N\u00f3 l\u00e0 b\u00e1u v\u1eadt \u0111\u01b0\u1ee3c k\u1ebft tinh qua h\u00e0ng ch\u1ee5c n\u0103m t\u1eeb s\u1ef1 t\u1ed5n th\u01b0\u01a1ng c\u1ee7a c\u00e2y D\u00f3 B\u1ea7u. T\u1ea1i <strong>Tr\u1ea7m Vi\u1ec7t<\/strong>, ch\u00fang t\u00f4i tr\u00e2n tr\u1ecdng t\u1eebng kh\u1ed1i tr\u1ea7m t\u1ef1 nhi\u00ean. B\u1edfi l\u1ebd, m\u1ed7i s\u1ea3n ph\u1ea9m \u0111\u1ec1u mang trong m\u00ecnh linh kh\u00ed v\u00e0 gi\u00e1 tr\u1ecb t\u00e2m linh s\u00e2u s\u1eafc. B\u00e0i vi\u1ebft n\u00e0y s\u1ebd gi\u00fap b\u1ea1n hi\u1ec3u r\u00f5 h\u01a1n v\u1ec1 ngu\u1ed3n g\u1ed1c v\u00e0 c\u00f4ng d\u1ee5ng c\u1ee7a lo\u1ea1i s\u1ea3n v\u1eadt qu\u00fd hi\u1ebfm n\u00e0y.<\/p>\n\n\n\n<h2 class=\"wp-block-heading\"><strong>1. Ngu\u1ed3n g\u1ed1c k\u1ef3 di\u1ec7u c\u1ee7a Tr\u1ea7m h\u01b0\u01a1ng<\/strong><\/h2>\n\n\n\n<p>Nhi\u1ec1u ng\u01b0\u1eddi l\u1ea7m t\u01b0\u1edfng tr\u1ea7m h\u01b0\u01a1ng l\u00e0 m\u1ed9t lo\u1ea1i c\u00e2y. Th\u1ef1c ch\u1ea5t, n\u00f3 l\u00e0 ph\u1ea7n g\u1ed7 ch\u1ee9a tinh d\u1ea7u h\u00ecnh th\u00e0nh tr\u00ean th\u00e2n c\u00e2y D\u00f3 B\u1ea7u.<\/p>\n\n\n\n<p>Khi c\u00e2y b\u1ecb th\u01b0\u01a1ng do t\u00e1c \u0111\u1ed9ng t\u1eeb thi\u00ean nhi\u00ean ho\u1eb7c con ng\u01b0\u1eddi, n\u00f3 s\u1ebd ti\u1ebft ra nh\u1ef1a \u0111\u1ec3 b\u1ea3o v\u1ec7 v\u1ebft th\u01b0\u01a1ng. Qua nhi\u1ec1u th\u1eadp k\u1ef7, l\u1edbp nh\u1ef1a n\u00e0y t\u01b0\u01a1ng t\u00e1c v\u1edbi c\u00e1c lo\u00e0i n\u1ea5m v\u00e0 vi khu\u1ea9n. T\u1eeb \u0111\u00f3, kh\u1ed1i tr\u1ea7m h\u01b0\u01a1ng qu\u00fd gi\u00e1 b\u1eaft \u0111\u1ea7u \u0111\u01b0\u1ee3c h\u00ecnh th\u00e0nh. Qu\u00e1 tr\u00ecnh n\u00e0y di\u1ec5n ra r\u1ea5t ch\u1eadm ch\u1ea1p v\u00e0 v\u00f4 c\u00f9ng kh\u1eafc nghi\u1ec7t. V\u00ec v\u1eady, kh\u1ed1i tr\u1ea7m c\u00e0ng l\u00e2u n\u0103m th\u00ec gi\u00e1 tr\u1ecb kinh t\u1ebf v\u00e0 s\u1ee9c kh\u1ecfe c\u00e0ng cao.<\/p>\n\n\n\n<h2 class=\"wp-block-heading\"><strong>2. C\u00f4ng d\u1ee5ng tuy\u1ec7t v\u1eddi \u0111\u1ed1i v\u1edbi s\u1ee9c kh\u1ecfe v\u00e0 phong th\u1ee7y<\/strong><\/h2>\n\n\n\n<p>T\u1ea1i sao c\u00e1c d\u00f2ng <strong>Nhang v\u00e2n m\u00e2y<\/strong> hay <strong>N\u1ee5 tr\u1ea7m<\/strong> l\u1ea1i \u0111\u01b0\u1ee3c \u01b0a chu\u1ed9ng \u0111\u1ebfn th\u1ebf? C\u00e2u tr\u1ea3 l\u1eddi n\u1eb1m \u1edf nh\u1eefng l\u1ee3i \u00edch tuy\u1ec7t v\u1eddi sau:<\/p>\n\n\n\n<ul class=\"wp-block-list\">\n<li><strong>Th\u01b0 gi\u00e3n tinh th\u1ea7n:<\/strong> M\u00f9i h\u01b0\u01a1ng tr\u1ea7m d\u1ecbu nh\u1eb9 gi\u00fap gi\u1ea3m c\u0103ng th\u1eb3ng v\u00e0 lo \u00e2u. N\u00f3 c\u1ef1c k\u1ef3 hi\u1ec7u qu\u1ea3 trong vi\u1ec7c h\u1ed7 tr\u1ee3 gi\u1ea5c ng\u1ee7 v\u00e0 c\u1ea3i thi\u1ec7n s\u1ef1 t\u1eadp trung.<\/li>\n\n\n\n<li><strong>Thanh l\u1ecdc kh\u00f4ng gian:<\/strong> Kh\u00f3i tr\u1ea7m gi\u00fap kh\u1eed m\u00f9i \u1ea9m m\u1ed1c v\u00e0 l\u00e0m s\u1ea1ch kh\u00f4ng kh\u00ed. Trong phong th\u1ee7y, n\u00f3 gi\u00fap xua \u0111u\u1ed5i t\u00e0 kh\u00ed v\u00e0 thu h\u00fat n\u0103ng l\u01b0\u1ee3ng t\u00edch c\u1ef1c cho gia ch\u1ee7.<\/li>\n\n\n\n<li><strong>Gi\u00e1 tr\u1ecb t\u00e2m linh:<\/strong> Tr\u1ea7m h\u01b0\u01a1ng th\u01b0\u1eddng \u0111\u01b0\u1ee3c s\u1eed d\u1ee5ng trong c\u00e1c nghi l\u1ec5 trang tr\u1ecdng. N\u00f3 l\u00e0 s\u1ee3i d\u00e2y k\u1ebft n\u1ed1i linh thi\u00eang gi\u1eefa con ng\u01b0\u1eddi v\u00e0 th\u1ebf gi\u1edbi t\u00e2m linh.<\/li>\n<\/ul>\n\n\n\n<h2 class=\"wp-block-heading\"><strong>3. C\u00e1c d\u00f2ng s\u1ea3n ph\u1ea9m ch\u1ee7 \u0111\u1ea1o t\u1ea1i Tr\u1ea7m Vi\u1ec7t<\/strong><\/h2>\n\n\n\n<ol start=\"1\" class=\"wp-block-list\">\n<li><strong>Nhang tr\u1ea7m h\u01b0\u01a1ng:<\/strong> Lo\u1ea1i nhang c\u00e2y ho\u1eb7c nhang kh\u00f4ng t\u0103m d\u00f9ng cho th\u1edd c\u00fang v\u00e0 thi\u1ec1n \u0111\u1ecbnh.<\/li>\n\n\n\n<li><strong>N\u1ee5 tr\u1ea7m cao c\u1ea5p:<\/strong> D\u00f2ng s\u1ea3n ph\u1ea9m chuy\u00ean d\u1ee5ng cho th\u00e1c kh\u00f3i tr\u1ea7m h\u01b0\u01a1ng, t\u1ea1o hi\u1ec7u \u1ee9ng th\u01b0 gi\u00e3n \u0111\u1eb9p m\u1eaft.<\/li>\n\n\n\n<li><strong>V\u00f2ng tay tr\u1ea7m h\u01b0\u01a1ng:<\/strong> Trang s\u1ee9c phong th\u1ee7y gi\u00fap mang l\u1ea1i b\u00ecnh an v\u00e0 may m\u1eafn cho ng\u01b0\u1eddi \u0111eo.<\/li>\n<\/ol>\n\n\n\n<p>\u0110\u1ec3 \u0111\u00e1p \u1ee9ng nhu c\u1ea7u th\u01b0\u1edfng tr\u1ea7m hi\u1ec7n \u0111\u1ea1i, <strong>Tr\u1ea7m Vi\u1ec7t<\/strong> \u0111\u00e3 ph\u00e1t tri\u1ec3n \u0111a d\u1ea1ng c\u00e1c d\u00f2ng s\u1ea3n ph\u1ea9m:<\/p>\n\n\n\n<h2 class=\"wp-block-heading\"><strong>4. Cam k\u1ebft ch\u1ea5t l\u01b0\u1ee3ng t\u1eeb Tr\u1ea7m Vi\u1ec7t<\/strong><\/h2>\n\n\n\n<p>Hi\u1ec7n nay, tr\u00ean th\u1ecb tr\u01b0\u1eddng c\u00f3 r\u1ea5t nhi\u1ec1u lo\u1ea1i tr\u1ea7m gi\u1ea3, tr\u1ea7m \u00e9p d\u1ea7u h\u00f3a ch\u1ea5t. \u0110i\u1ec1u n\u00e0y g\u00e2y \u1ea3nh h\u01b0\u1edfng tr\u1ef1c ti\u1ebfp \u0111\u1ebfn s\u1ee9c kh\u1ecfe ng\u01b0\u1eddi d\u00f9ng. Ch\u00fang t\u00f4i cam k\u1ebft cung c\u1ea5p s\u1ea3n ph\u1ea9m tr\u1ea7m t\u1ef1 nhi\u00ean 100%. M\u1ed7i s\u1ea3n ph\u1ea9m t\u1ea1i <strong>tramviet05.com<\/strong> \u0111\u1ec1u \u0111\u01b0\u1ee3c ki\u1ec3m so\u00e1t k\u1ef9 l\u01b0\u1ee1ng v\u1ec1 ngu\u1ed3n g\u1ed1c v\u00e0 m\u00f9i h\u01b0\u01a1ng.<\/p>\n\n\n\n<p>H\u00e3y \u0111\u1ec3 <strong>Tr\u1ea7m Vi\u1ec7t<\/strong> \u0111\u1ed3ng h\u00e0nh c\u00f9ng b\u1ea1n trong h\u00e0nh tr\u00ecnh t\u00ecm v\u1ec1 s\u1ef1 an b\u1ea3n v\u00e0 t\u0129nh l\u1eb7ng trong t\u00e2m h\u1ed3n.<\/p>\n\n\n\n<p><\/p>\n","protected":false},"excerpt":{"rendered":"<p>Tr\u1ea7m h\u01b0\u01a1ng kh\u00f4ng ch\u1ec9 l\u00e0 m\u1ed9t lo\u1ea1i g\u1ed7 th\u01a1m th\u00f4ng th\u01b0\u1eddng. N\u00f3 l\u00e0 b\u00e1u v\u1eadt \u0111\u01b0\u1ee3c k\u1ebft tinh qua h\u00e0ng ch\u1ee5c n\u0103m t\u1eeb s\u1ef1 t\u1ed5n th\u01b0\u01a1ng c\u1ee7a c\u00e2y D\u00f3 B\u1ea7u. T\u1ea1i Tr\u1ea7m Vi\u1ec7t, ch\u00fang t\u00f4i tr\u00e2n tr\u1ecdng t\u1eebng kh\u1ed1i tr\u1ea7m t\u1ef1 nhi\u00ean. B\u1edfi l\u1ebd, m\u1ed7i s\u1ea3n ph\u1ea9m \u0111\u1ec1u mang trong m\u00ecnh linh kh\u00ed v\u00e0 gi\u00e1 [&hellip;]<\/p>\n","protected":false},"author":1,"featured_media":0,"parent":0,"menu_order":0,"comment_status":"closed","ping_status":"closed","template":"","meta":{"postBodyCss":"","postBodyMargin":[],"postBodyPadding":[],"postBodyBackground":{"backgroundType":"classic","gradient":""},"footnotes":""},"class_list":["post-510","page","type-page","status-publish","hentry"],"_links":{"self":[{"href":"https:\/\/tramviet05.com\/index.php?rest_route=\/wp\/v2\/pages\/510","targetHints":{"allow":["GET"]}}],"collection":[{"href":"https:\/\/tramviet05.com\/index.php?rest_route=\/wp\/v2\/pages"}],"about":[{"href":"https:\/\/tramviet05.com\/index.php?rest_route=\/wp\/v2\/types\/page"}],"author":[{"embeddable":true,"href":"https:\/\/tramviet05.com\/index.php?rest_route=\/wp\/v2\/users\/1"}],"replies":[{"embeddable":true,"href":"https:\/\/tramviet05.com\/index.php?rest_route=%2Fwp%2Fv2%2Fcomments&post=510"}],"version-history":[{"count":2,"href":"https:\/\/tramviet05.com\/index.php?rest_route=\/wp\/v2\/pages\/510\/revisions"}],"predecessor-version":[{"id":512,"href":"https:\/\/tramviet05.com\/index.php?rest_route=\/wp\/v2\/pages\/510\/revisions\/512"}],"wp:attachment":[{"href":"https:\/\/tramviet05.com\/index.php?rest_route=%2Fwp%2Fv2%2Fmedia&parent=510"}],"curies":[{"name":"wp","href":"https:\/\/api.w.org\/{rel}","templated":true}]}}