{"id":480,"date":"2026-04-20T01:05:53","date_gmt":"2026-04-20T01:05:53","guid":{"rendered":"https:\/\/tramviet05.com\/?page_id=480"},"modified":"2026-04-20T01:05:54","modified_gmt":"2026-04-20T01:05:54","slug":"chinh-sach-doi-tra","status":"publish","type":"page","link":"https:\/\/tramviet05.com\/?page_id=480","title":{"rendered":"CH\u00cdNH S\u00c1CH \u0110\u1ed4I TR\u1ea2"},"content":{"rendered":"\n<h2 class=\"wp-block-heading\"><strong>CH\u00cdNH S\u00c1CH 1 \u0110\u1ed4I 1 TRONG V\u00d2NG 30 NG\u00c0Y<\/strong><\/h2>\n\n\n\n<p>T\u1ea1i Tr\u1ea7m Vi\u1ec7t, ch\u00fang t\u00f4i cam k\u1ebft mang \u0111\u1ebfn nh\u1eefng s\u1ea3n ph\u1ea9m tr\u1ea7m h\u01b0\u01a1ng th\u01b0\u1ee3ng h\u1ea1ng c\u00f9ng tr\u1ea3i nghi\u1ec7m mua s\u1eafm an t\u00e2m tuy\u1ec7t \u0111\u1ed1i. D\u01b0\u1edbi \u0111\u00e2y l\u00e0 quy tr\u00ecnh v\u00e0 \u0111i\u1ec1u ki\u1ec7n chi ti\u1ebft cho ch\u00ednh s\u00e1ch \u0111\u1ed5i tr\u1ea3:<\/p>\n\n\n\n<h3 class=\"wp-block-heading\"><strong>1. Quy tr\u00ecnh \u0111\u1ed5i s\u1ea3n ph\u1ea9m<\/strong><\/h3>\n\n\n\n<p>\u0110\u1ec3 vi\u1ec7c \u0111\u1ed5i h\u00e0ng di\u1ec5n ra nhanh ch\u00f3ng, Qu\u00fd kh\u00e1ch vui l\u00f2ng th\u1ef1c hi\u1ec7n theo 4 b\u01b0\u1edbc sau:<\/p>\n\n\n\n<ul class=\"wp-block-list\">\n<li><strong>B\u01b0\u1edbc 1:<\/strong> Ki\u1ec3m tra \u0111i\u1ec1u ki\u1ec7n \u0111\u1ed5i h\u00e0ng (chi ti\u1ebft t\u1ea1i M\u1ee5c 2).<\/li>\n\n\n\n<li><strong>B\u01b0\u1edbc 2:<\/strong> Li\u00ean h\u1ec7 <strong>Hotline<\/strong> c\u1ee7a Tr\u1ea7m Vi\u1ec7t \u0111\u1ec3 x\u00e1c nh\u1eadn y\u00eau c\u1ea7u \u0111\u1ed5i h\u00e0ng.<\/li>\n\n\n\n<li><strong>B\u01b0\u1edbc 3:<\/strong> \u0110\u00f3ng g\u00f3i s\u1ea3n ph\u1ea9m nguy\u00ean v\u1eb9n nh\u01b0 t\u00ecnh tr\u1ea1ng ban \u0111\u1ea7u.<\/li>\n\n\n\n<li><strong>B\u01b0\u1edbc 4:<\/strong> Nh\u1eadn s\u1ea3n ph\u1ea9m m\u1edbi v\u00e0 thanh to\u00e1n kho\u1ea3n ch\u00eanh l\u1ec7ch (n\u1ebfu c\u00f3).<\/li>\n<\/ul>\n\n\n\n<h3 class=\"wp-block-heading\"><strong>2. \u0110i\u1ec1u ki\u1ec7n \u00e1p d\u1ee5ng<\/strong><\/h3>\n\n\n\n<p>Tr\u1ea7m Vi\u1ec7t h\u1ed7 tr\u1ee3 \u0111\u1ed5i s\u1ea3n ph\u1ea9m trong c\u00e1c tr\u01b0\u1eddng h\u1ee3p c\u1ee5 th\u1ec3 sau:<\/p>\n\n\n\n<ul class=\"wp-block-list\">\n<li><strong>L\u1ed7i do nh\u00e0 s\u1ea3n xu\u1ea5t ho\u1eb7c v\u1eadn chuy\u1ec3n:<\/strong> Giao nh\u1ea7m m\u1eabu m\u00e3, sai k\u00edch th\u01b0\u1edbc (size h\u1ea1t\/v\u00f2ng), ho\u1eb7c s\u1ea3n ph\u1ea9m c\u00f3 khi\u1ebfm khuy\u1ebft v\u1eadt l\u00fd (h\u1ea1t m\u00f3p m\u00e9o, charm kh\u00f4ng \u0111\u00fang m\u00f4 t\u1ea3&#8230;).<\/li>\n\n\n\n<li><strong>T\u00ecnh tr\u1ea1ng s\u1ea3n ph\u1ea9m:<\/strong> C\u00f2n nguy\u00ean Th\u1ebb B\u1ea3o H\u00e0nh, kh\u00f4ng b\u1ecb d\u01a1 b\u1ea9n, tr\u1ea7y x\u01b0\u1edbc ho\u1eb7c c\u00f3 d\u1ea5u hi\u1ec7u \u0111\u00e3 qua s\u1eed d\u1ee5ng.<\/li>\n\n\n\n<li><strong>Ph\u1ea1m vi \u0111\u1ed5i h\u00e0ng:<\/strong>\n<ul class=\"wp-block-list\">\n<li>\u00c1p d\u1ee5ng \u0111\u1ed5i c\u00f9ng m\u1eabu s\u1ea3n ph\u1ea9m (kh\u00e1c size, kh\u00e1c m\u00e0u).<\/li>\n\n\n\n<li>\u0110\u1ed5i sang s\u1ea3n ph\u1ea9m m\u1edbi c\u00f3 gi\u00e1 tr\u1ecb t\u01b0\u01a1ng \u0111\u01b0\u01a1ng ho\u1eb7c cao h\u01a1n (Qu\u00fd kh\u00e1ch vui l\u00f2ng b\u00f9 ph\u1ea7n ch\u00eanh l\u1ec7ch gi\u00e1).<\/li>\n<\/ul>\n<\/li>\n\n\n\n<li><strong>L\u01b0u \u00fd quan tr\u1ecdng:<\/strong> * Ch\u00fang t\u00f4i kh\u00f4ng h\u1ed7 tr\u1ee3 ho\u00e0n tr\u1ea3 ti\u1ec1n m\u1eb7t cho c\u00e1c s\u1ea3n ph\u1ea9m \u0111\u00e3 mua.\n<ul class=\"wp-block-list\">\n<li>Tr\u1ea7m Vi\u1ec7t ch\u1ec9 x\u1eed l\u00fd c\u00e1c tr\u01b0\u1eddng h\u1ee3p th\u1ecfa m\u00e3n \u0111\u1ea7y \u0111\u1ee7 c\u00e1c \u0111i\u1ec1u ki\u1ec7n n\u00eau tr\u00ean.<\/li>\n<\/ul>\n<\/li>\n<\/ul>\n\n\n\n<h3 class=\"wp-block-heading\"><strong>3. Th\u1eddi h\u1ea1n \u0111\u0103ng k\u00fd \u0111\u1ed5i tr\u1ea3<\/strong><\/h3>\n\n\n\n<ul class=\"wp-block-list\">\n<li>Qu\u00fd kh\u00e1ch vui l\u00f2ng \u0111\u0103ng k\u00fd \u0111\u1ed5i h\u00e0ng trong v\u00f2ng 7 ng\u00e0y k\u1ec3 t\u1eeb ng\u00e0y nh\u1eadn s\u1ea3n ph\u1ea9m th\u00e0nh c\u00f4ng (\u00e1p d\u1ee5ng cho c\u1ea3 Th\u1ee9 7 v\u00e0 Ch\u1ee7 Nh\u1eadt).<\/li>\n<\/ul>\n\n\n\n<h3 class=\"wp-block-heading\"><strong>4. Th\u1eddi gian x\u1eed l\u00fd<\/strong><\/h3>\n\n\n\n<ul class=\"wp-block-list\">\n<li>Sau khi nh\u1eadn \u0111\u01b0\u1ee3c s\u1ea3n ph\u1ea9m ho\u00e0n tr\u1ea3, Tr\u1ea7m Vi\u1ec7t s\u1ebd ti\u1ebfn h\u00e0nh ki\u1ec3m \u0111\u1ecbnh ch\u1ea5t l\u01b0\u1ee3ng v\u00e0 g\u1eedi s\u1ea3n ph\u1ea9m m\u1edbi cho Qu\u00fd kh\u00e1ch trong v\u00f2ng 7 ng\u00e0y l\u00e0m vi\u1ec7c (kh\u00f4ng t\u00ednh Th\u1ee9 7, Ch\u1ee7 Nh\u1eadt v\u00e0 c\u00e1c ng\u00e0y L\u1ec5).<\/li>\n<\/ul>\n\n\n\n<hr class=\"wp-block-separator has-alpha-channel-opacity\"\/>\n\n\n\n<p><strong>Th\u00f4ng tin g\u1eedi b\u1ea3o h\u00e0nh\/\u0111\u1ed5i tr\u1ea3:<\/strong><\/p>\n\n\n\n<ul class=\"wp-block-list\">\n<li><strong>Ng\u01b0\u1eddi nh\u1eadn:<\/strong> B\u1ed9 ph\u1eadn Ch\u0103m s\u00f3c kh\u00e1ch h\u00e0ng &#8211; Th\u01b0\u01a1ng hi\u1ec7u Tr\u1ea7m Vi\u1ec7t.<\/li>\n\n\n\n<li><strong>\u0110\u1ecba ch\u1ec9:<\/strong> [Vui l\u00f2ng \u0111i\u1ec1n \u0111\u1ecba ch\u1ec9 c\u1ee7a b\u1ea1n v\u00e0o \u0111\u00e2y]<\/li>\n\n\n\n<li><strong>S\u1ed1 \u0111i\u1ec7n tho\u1ea1i:<\/strong> [Vui l\u00f2ng \u0111i\u1ec1n hotline v\u00e0o \u0111\u00e2y]<\/li>\n<\/ul>\n\n\n\n<p><em>Tr\u1ea7m Vi\u1ec7t r\u1ea5t h\u00e2n h\u1ea1nh \u0111\u01b0\u1ee3c ph\u1ee5c v\u1ee5 Qu\u00fd kh\u00e1ch!<\/em><\/p>\n","protected":false},"excerpt":{"rendered":"<p>CH\u00cdNH S\u00c1CH 1 \u0110\u1ed4I 1 TRONG V\u00d2NG 30 NG\u00c0Y T\u1ea1i Tr\u1ea7m Vi\u1ec7t, ch\u00fang t\u00f4i cam k\u1ebft mang \u0111\u1ebfn nh\u1eefng s\u1ea3n ph\u1ea9m tr\u1ea7m h\u01b0\u01a1ng th\u01b0\u1ee3ng h\u1ea1ng c\u00f9ng tr\u1ea3i nghi\u1ec7m mua s\u1eafm an t\u00e2m tuy\u1ec7t \u0111\u1ed1i. D\u01b0\u1edbi \u0111\u00e2y l\u00e0 quy tr\u00ecnh v\u00e0 \u0111i\u1ec1u ki\u1ec7n chi ti\u1ebft cho ch\u00ednh s\u00e1ch \u0111\u1ed5i tr\u1ea3: 1. Quy tr\u00ecnh \u0111\u1ed5i s\u1ea3n ph\u1ea9m [&hellip;]<\/p>\n","protected":false},"author":1,"featured_media":0,"parent":0,"menu_order":0,"comment_status":"closed","ping_status":"closed","template":"","meta":{"postBodyCss":"","postBodyMargin":[],"postBodyPadding":[],"postBodyBackground":{"backgroundType":"classic","gradient":""},"footnotes":""},"class_list":["post-480","page","type-page","status-publish","hentry"],"_links":{"self":[{"href":"https:\/\/tramviet05.com\/index.php?rest_route=\/wp\/v2\/pages\/480","targetHints":{"allow":["GET"]}}],"collection":[{"href":"https:\/\/tramviet05.com\/index.php?rest_route=\/wp\/v2\/pages"}],"about":[{"href":"https:\/\/tramviet05.com\/index.php?rest_route=\/wp\/v2\/types\/page"}],"author":[{"embeddable":true,"href":"https:\/\/tramviet05.com\/index.php?rest_route=\/wp\/v2\/users\/1"}],"replies":[{"embeddable":true,"href":"https:\/\/tramviet05.com\/index.php?rest_route=%2Fwp%2Fv2%2Fcomments&post=480"}],"version-history":[{"count":1,"href":"https:\/\/tramviet05.com\/index.php?rest_route=\/wp\/v2\/pages\/480\/revisions"}],"predecessor-version":[{"id":483,"href":"https:\/\/tramviet05.com\/index.php?rest_route=\/wp\/v2\/pages\/480\/revisions\/483"}],"wp:attachment":[{"href":"https:\/\/tramviet05.com\/index.php?rest_route=%2Fwp%2Fv2%2Fmedia&parent=480"}],"curies":[{"name":"wp","href":"https:\/\/api.w.org\/{rel}","templated":true}]}}