{"id":332,"date":"2026-03-30T02:40:52","date_gmt":"2026-03-30T02:40:52","guid":{"rendered":"http:\/\/tramviet05.com\/?page_id=332"},"modified":"2026-03-31T02:03:03","modified_gmt":"2026-03-31T02:03:03","slug":"chinh-sach-van-chuyen-tram-viet","status":"publish","type":"page","link":"https:\/\/tramviet05.com\/?page_id=332","title":{"rendered":"Ch\u00ednh s\u00e1ch v\u1eadn chuy\u1ec3n"},"content":{"rendered":"\n<h1 class=\"wp-block-heading\"><strong>Ch\u00ednh S\u00e1ch V\u1eadn Chuy\u1ec3n Tr\u1ea7m Vi\u1ec7t \u2013 Nhanh Ch\u00f3ng, An To\u00e0n To\u00e0n Qu\u1ed1c<\/strong><\/h1>\n\n\n\n<p><strong>Ch\u00ednh s\u00e1ch v\u1eadn chuy\u1ec3n Tr\u1ea7m Vi\u1ec7t<\/strong> \u0111\u01b0\u1ee3c x\u00e2y d\u1ef1ng nh\u1eb1m mang \u0111\u1ebfn tr\u1ea3i nghi\u1ec7m mua s\u1eafm ti\u1ec7n l\u1ee3i, minh b\u1ea1ch v\u00e0 \u0111\u00e1ng tin c\u1eady cho kh\u00e1ch h\u00e0ng tr\u00ean to\u00e0n qu\u1ed1c.<\/p>\n\n\n\n<h2 class=\"wp-block-heading\"><strong>1. Th\u1eddi Gian X\u1eed L\u00fd \u0110\u01a1n H\u00e0ng Tr\u1ea7m Vi\u1ec7t<\/strong><\/h2>\n\n\n\n<p>Sau khi nh\u1eadn \u0111\u01b0\u1ee3c th\u00f4ng tin \u0111\u1eb7t h\u00e0ng, <strong>Tr\u1ea7m Vi\u1ec7t<\/strong> s\u1ebd:<\/p>\n\n\n\n<ul class=\"wp-block-list\">\n<li>X\u00e1c nh\u1eadn \u0111\u01a1n h\u00e0ng trong v\u00f2ng <strong>24 gi\u1edd<\/strong><\/li>\n\n\n\n<li>Li\u00ean h\u1ec7 kh\u00e1ch h\u00e0ng \u0111\u1ec3 th\u00f4ng b\u00e1o chi ti\u1ebft v\u1ec1 <strong>thanh to\u00e1n v\u00e0 giao h\u00e0ng<\/strong><\/li>\n<\/ul>\n\n\n\n<p>Vi\u1ec7c x\u1eed l\u00fd nhanh gi\u00fap \u0111\u1ea3m b\u1ea3o <strong>th\u1eddi gian giao h\u00e0ng Tr\u1ea7m Vi\u1ec7t<\/strong> lu\u00f4n \u0111\u00fang ti\u1ebfn \u0111\u1ed9.<\/p>\n\n\n\n<h2 class=\"wp-block-heading\"><strong>2. Th\u1eddi Gian Giao H\u00e0ng Tr\u1ea7m Vi\u1ec7t<\/strong><\/h2>\n\n\n\n<h3 class=\"wp-block-heading\"><strong>N\u1ed9i th\u00e0nh \u0110\u00e0 N\u1eb5ng (\u2264 20km):<\/strong><\/h3>\n\n\n\n<ul class=\"wp-block-list\">\n<li>Giao h\u00e0ng <strong>trong ng\u00e0y<\/strong><\/li>\n<\/ul>\n\n\n\n<h3 class=\"wp-block-heading\"><strong>Ngo\u1ea1i th\u00e0nh &amp; khu v\u1ef1c l\u00e2n c\u1eadn:<\/strong><\/h3>\n\n\n\n<ul class=\"wp-block-list\">\n<li>Th\u1eddi gian giao h\u00e0ng t\u1eeb <strong>1 \u2013 3 ng\u00e0y<\/strong><\/li>\n<\/ul>\n\n\n\n<h3 class=\"wp-block-heading\"><strong>To\u00e0n qu\u1ed1c:<\/strong><\/h3>\n\n\n\n<ul class=\"wp-block-list\">\n<li>Th\u1eddi gian giao h\u00e0ng t\u1eeb <strong>3 \u2013 5 ng\u00e0y<\/strong> t\u00f9y khu v\u1ef1c<\/li>\n<\/ul>\n\n\n\n<p>Kh\u00e1ch h\u00e0ng c\u00f3 th\u1ec3 tham kh\u1ea3o th\u00eam t\u1ea1i:<\/p>\n\n\n\n<ul class=\"wp-block-list\">\n<li><a href=\"http:\/\/chinh-sach-bao-mat\">Ch\u00ednh s\u00e1ch b\u1ea3o m\u1eadt<\/a><\/li>\n\n\n\n<li>Ch\u00ednh s\u00e1ch \u0111\u1ed5i tr\u1ea3<\/li>\n<\/ul>\n\n\n\n<h2 class=\"wp-block-heading\"><strong>3. C\u00e1c Tr\u01b0\u1eddng H\u1ee3p Giao H\u00e0ng Ch\u1eadm<\/strong><\/h2>\n\n\n\n<p>Trong m\u1ed9t s\u1ed1 tr\u01b0\u1eddng h\u1ee3p, <strong>ch\u00ednh s\u00e1ch giao h\u00e0ng Tr\u1ea7m Vi\u1ec7t<\/strong> c\u00f3 th\u1ec3 b\u1ecb \u1ea3nh h\u01b0\u1edfng b\u1edfi:<\/p>\n\n\n\n<ul class=\"wp-block-list\">\n<li>Kh\u00f4ng li\u00ean h\u1ec7 \u0111\u01b0\u1ee3c kh\u00e1ch h\u00e0ng<\/li>\n\n\n\n<li>\u0110\u1ecba ch\u1ec9 kh\u00f4ng ch\u00ednh x\u00e1c ho\u1eb7c kh\u00f3 t\u00ecm<\/li>\n\n\n\n<li>S\u1ed1 l\u01b0\u1ee3ng \u0111\u01a1n t\u0103ng cao (l\u1ec5, sale)<\/li>\n\n\n\n<li>\u0110\u01a1n v\u1ecb v\u1eadn chuy\u1ec3n ch\u1eadm tr\u1ec5<\/li>\n<\/ul>\n\n\n\n<p>Tr\u1ea7m Vi\u1ec7t s\u1ebd <strong>ch\u1ee7 \u0111\u1ed9ng th\u00f4ng b\u00e1o s\u1edbm<\/strong> n\u1ebfu c\u00f3 ph\u00e1t sinh.<\/p>\n\n\n\n<h2 class=\"wp-block-heading\"><strong>4. Cam K\u1ebft V\u1eadn Chuy\u1ec3n Tr\u1ea7m Vi\u1ec7t<\/strong><\/h2>\n\n\n\n<p>Ch\u00fang t\u00f4i cam k\u1ebft:<\/p>\n\n\n\n<ul class=\"wp-block-list\">\n<li>Giao h\u00e0ng \u0111\u00fang th\u1eddi gian<\/li>\n\n\n\n<li>\u0110\u00f3ng g\u00f3i s\u1ea3n ph\u1ea9m c\u1ea9n th\u1eadn, ch\u1eafc ch\u1eafn<\/li>\n\n\n\n<li>\u0110\u1ea3m b\u1ea3o h\u00e0ng h\u00f3a <strong>nguy\u00ean v\u1eb9n khi \u0111\u1ebfn tay kh\u00e1ch h\u00e0ng<\/strong><\/li>\n\n\n\n<li>H\u1ed7 tr\u1ee3 nhanh ch\u00f3ng khi c\u00f3 v\u1ea5n \u0111\u1ec1 ph\u00e1t sinh<\/li>\n<\/ul>\n\n\n\n<h2 class=\"wp-block-heading\"><strong>5. <strong>H\u00ecnh \u1ea2nh Minh H\u1ecda \u0110\u00f3ng G\u00f3i H\u00e0ng<\/strong><\/strong><\/h2>\n\n\n\n<figure class=\"wp-block-image size-full is-resized\"><img fetchpriority=\"high\" decoding=\"async\" width=\"392\" height=\"288\" src=\"https:\/\/tramviet05.com\/wp-content\/uploads\/2026\/03\/Dong-goi-sarn-pham-cua-Tram-Viet.png\" alt=\"\" class=\"wp-image-403\" style=\"aspect-ratio:1.3612045577862182;width:632px;height:auto\" srcset=\"https:\/\/tramviet05.com\/wp-content\/uploads\/2026\/03\/Dong-goi-sarn-pham-cua-Tram-Viet.png 392w, https:\/\/tramviet05.com\/wp-content\/uploads\/2026\/03\/Dong-goi-sarn-pham-cua-Tram-Viet-300x220.png 300w\" sizes=\"(max-width: 392px) 100vw, 392px\" \/><\/figure>\n\n\n\n<h2 class=\"wp-block-heading\"><strong>6. <strong>Li\u00ean H\u1ec7 H\u1ed7 Tr\u1ee3 V\u1eadn Chuy\u1ec3n<\/strong><\/strong><\/h2>\n\n\n\n<p>N\u1ebfu c\u1ea7n h\u1ed7 tr\u1ee3 v\u1ec1 <strong>th\u1eddi gian giao h\u00e0ng Tr\u1ea7m Vi\u1ec7t<\/strong>, vui l\u00f2ng li\u00ean h\u1ec7 \u0111\u1ec3 \u0111\u01b0\u1ee3c gi\u1ea3i \u0111\u00e1p nhanh ch\u00f3ng.<\/p>\n\n\n\n<p><\/p>\n","protected":false},"excerpt":{"rendered":"<p>Ch\u00ednh S\u00e1ch V\u1eadn Chuy\u1ec3n Tr\u1ea7m Vi\u1ec7t \u2013 Nhanh Ch\u00f3ng, An To\u00e0n To\u00e0n Qu\u1ed1c Ch\u00ednh s\u00e1ch v\u1eadn chuy\u1ec3n Tr\u1ea7m Vi\u1ec7t \u0111\u01b0\u1ee3c x\u00e2y d\u1ef1ng nh\u1eb1m mang \u0111\u1ebfn tr\u1ea3i nghi\u1ec7m mua s\u1eafm ti\u1ec7n l\u1ee3i, minh b\u1ea1ch v\u00e0 \u0111\u00e1ng tin c\u1eady cho kh\u00e1ch h\u00e0ng tr\u00ean to\u00e0n qu\u1ed1c. 1. Th\u1eddi Gian X\u1eed L\u00fd \u0110\u01a1n H\u00e0ng Tr\u1ea7m Vi\u1ec7t Sau khi nh\u1eadn [&hellip;]<\/p>\n","protected":false},"author":1,"featured_media":0,"parent":0,"menu_order":0,"comment_status":"closed","ping_status":"closed","template":"","meta":{"postBodyCss":"","postBodyMargin":[],"postBodyPadding":[],"postBodyBackground":{"backgroundType":"classic","gradient":""},"footnotes":""},"class_list":["post-332","page","type-page","status-publish","hentry"],"yoast_head":"<!-- This site is optimized with the Yoast SEO plugin v27.4 - https:\/\/yoast.com\/product\/yoast-seo-wordpress\/ -->\n<title>Ch\u00ednh s\u00e1ch v\u1eadn chuy\u1ec3n - TR\u1ea6M VI\u1ec6T<\/title>\n<meta name=\"description\" content=\"Ch\u00ednh s\u00e1ch giao h\u00e0ng Tr\u1ea7m Vi\u1ec7t cam k\u1ebft giao nhanh to\u00e0n qu\u1ed1c, x\u1eed l\u00fd \u0111\u01a1n trong 24h, \u0111\u1ea3m b\u1ea3o s\u1ea3n ph\u1ea9m an to\u00e0n, nguy\u00ean v\u1eb9n khi \u0111\u1ebfn tay kh\u00e1ch h\u00e0ng.\" \/>\n<meta name=\"robots\" content=\"index, follow, max-snippet:-1, max-image-preview:large, max-video-preview:-1\" \/>\n<link rel=\"canonical\" href=\"https:\/\/tramviet05.com\/?page_id=332\" \/>\n<meta property=\"og:locale\" content=\"vi_VN\" \/>\n<meta property=\"og:type\" content=\"article\" \/>\n<meta property=\"og:title\" content=\"Ch\u00ednh s\u00e1ch v\u1eadn chuy\u1ec3n - TR\u1ea6M VI\u1ec6T\" \/>\n<meta property=\"og:description\" content=\"Ch\u00ednh s\u00e1ch giao h\u00e0ng Tr\u1ea7m Vi\u1ec7t cam k\u1ebft giao nhanh to\u00e0n qu\u1ed1c, x\u1eed l\u00fd \u0111\u01a1n trong 24h, \u0111\u1ea3m b\u1ea3o s\u1ea3n ph\u1ea9m an to\u00e0n, nguy\u00ean v\u1eb9n khi \u0111\u1ebfn tay kh\u00e1ch h\u00e0ng.\" \/>\n<meta property=\"og:url\" content=\"https:\/\/tramviet05.com\/?page_id=332\" \/>\n<meta property=\"og:site_name\" content=\"TR\u1ea6M VI\u1ec6T\" \/>\n<meta property=\"article:publisher\" content=\"https:\/\/www.facebook.com\/profile.php?id=61580647362725\" \/>\n<meta property=\"article:modified_time\" content=\"2026-03-31T02:03:03+00:00\" \/>\n<meta property=\"og:image\" content=\"http:\/\/tramviet05.com\/wp-content\/uploads\/2026\/03\/Dong-goi-sarn-pham-cua-Tram-Viet.png\" \/>\n<meta name=\"twitter:card\" content=\"summary_large_image\" \/>\n<meta name=\"twitter:label1\" content=\"\u01af\u1edbc t\u00ednh th\u1eddi gian \u0111\u1ecdc\" \/>\n\t<meta name=\"twitter:data1\" content=\"2 ph\u00fat\" \/>\n<script type=\"application\/ld+json\" class=\"yoast-schema-graph\">{\"@context\":\"https:\\\/\\\/schema.org\",\"@graph\":[{\"@type\":\"WebPage\",\"@id\":\"https:\\\/\\\/tramviet05.com\\\/?page_id=332\",\"url\":\"https:\\\/\\\/tramviet05.com\\\/?page_id=332\",\"name\":\"Ch\u00ednh s\u00e1ch v\u1eadn chuy\u1ec3n - TR\u1ea6M VI\u1ec6T\",\"isPartOf\":{\"@id\":\"https:\\\/\\\/tramviet05.com\\\/#website\"},\"primaryImageOfPage\":{\"@id\":\"https:\\\/\\\/tramviet05.com\\\/?page_id=332#primaryimage\"},\"image\":{\"@id\":\"https:\\\/\\\/tramviet05.com\\\/?page_id=332#primaryimage\"},\"thumbnailUrl\":\"http:\\\/\\\/tramviet05.com\\\/wp-content\\\/uploads\\\/2026\\\/03\\\/Dong-goi-sarn-pham-cua-Tram-Viet.png\",\"datePublished\":\"2026-03-30T02:40:52+00:00\",\"dateModified\":\"2026-03-31T02:03:03+00:00\",\"description\":\"Ch\u00ednh s\u00e1ch giao h\u00e0ng Tr\u1ea7m Vi\u1ec7t cam k\u1ebft giao nhanh to\u00e0n qu\u1ed1c, x\u1eed l\u00fd \u0111\u01a1n trong 24h, \u0111\u1ea3m b\u1ea3o s\u1ea3n ph\u1ea9m an to\u00e0n, nguy\u00ean v\u1eb9n khi \u0111\u1ebfn tay kh\u00e1ch h\u00e0ng.\",\"breadcrumb\":{\"@id\":\"https:\\\/\\\/tramviet05.com\\\/?page_id=332#breadcrumb\"},\"inLanguage\":\"vi\",\"potentialAction\":[{\"@type\":\"ReadAction\",\"target\":[\"https:\\\/\\\/tramviet05.com\\\/?page_id=332\"]}]},{\"@type\":\"ImageObject\",\"inLanguage\":\"vi\",\"@id\":\"https:\\\/\\\/tramviet05.com\\\/?page_id=332#primaryimage\",\"url\":\"https:\\\/\\\/tramviet05.com\\\/wp-content\\\/uploads\\\/2026\\\/03\\\/Dong-goi-sarn-pham-cua-Tram-Viet.png\",\"contentUrl\":\"https:\\\/\\\/tramviet05.com\\\/wp-content\\\/uploads\\\/2026\\\/03\\\/Dong-goi-sarn-pham-cua-Tram-Viet.png\",\"width\":392,\"height\":288},{\"@type\":\"BreadcrumbList\",\"@id\":\"https:\\\/\\\/tramviet05.com\\\/?page_id=332#breadcrumb\",\"itemListElement\":[{\"@type\":\"ListItem\",\"position\":1,\"name\":\"Trang ch\u1ee7\",\"item\":\"https:\\\/\\\/tramviet05.com\\\/\"},{\"@type\":\"ListItem\",\"position\":2,\"name\":\"Ch\u00ednh s\u00e1ch v\u1eadn chuy\u1ec3n\"}]},{\"@type\":\"WebSite\",\"@id\":\"https:\\\/\\\/tramviet05.com\\\/#website\",\"url\":\"https:\\\/\\\/tramviet05.com\\\/\",\"name\":\"TR\u1ea6M VI\u1ec6T\",\"description\":\"Chuy\u00ean cung c\u1ea5p c\u00e1c m\u1eb7t h\u00e0ng v\u1ec1 tr\u1ea7m h\u01b0\u01a1ng, uy t\u00edn v\u00e0 ch\u1ea5t l\u01b0\u1ee3ng cao\",\"publisher\":{\"@id\":\"https:\\\/\\\/tramviet05.com\\\/#organization\"},\"potentialAction\":[{\"@type\":\"SearchAction\",\"target\":{\"@type\":\"EntryPoint\",\"urlTemplate\":\"https:\\\/\\\/tramviet05.com\\\/?s={search_term_string}\"},\"query-input\":{\"@type\":\"PropertyValueSpecification\",\"valueRequired\":true,\"valueName\":\"search_term_string\"}}],\"inLanguage\":\"vi\"},{\"@type\":\"Organization\",\"@id\":\"https:\\\/\\\/tramviet05.com\\\/#organization\",\"name\":\"TR\u1ea6M VI\u1ec6T\",\"url\":\"https:\\\/\\\/tramviet05.com\\\/\",\"logo\":{\"@type\":\"ImageObject\",\"inLanguage\":\"vi\",\"@id\":\"https:\\\/\\\/tramviet05.com\\\/#\\\/schema\\\/logo\\\/image\\\/\",\"url\":\"https:\\\/\\\/tramviet05.com\\\/wp-content\\\/uploads\\\/2026\\\/02\\\/tai-xuong-1.png\",\"contentUrl\":\"https:\\\/\\\/tramviet05.com\\\/wp-content\\\/uploads\\\/2026\\\/02\\\/tai-xuong-1.png\",\"width\":382,\"height\":382,\"caption\":\"TR\u1ea6M VI\u1ec6T\"},\"image\":{\"@id\":\"https:\\\/\\\/tramviet05.com\\\/#\\\/schema\\\/logo\\\/image\\\/\"},\"sameAs\":[\"https:\\\/\\\/www.facebook.com\\\/profile.php?id=61580647362725\"]}]}<\/script>\n<!-- \/ Yoast SEO plugin. -->","yoast_head_json":{"title":"Ch\u00ednh s\u00e1ch v\u1eadn chuy\u1ec3n - TR\u1ea6M VI\u1ec6T","description":"Ch\u00ednh s\u00e1ch giao h\u00e0ng Tr\u1ea7m Vi\u1ec7t cam k\u1ebft giao nhanh to\u00e0n qu\u1ed1c, x\u1eed l\u00fd \u0111\u01a1n trong 24h, \u0111\u1ea3m b\u1ea3o s\u1ea3n ph\u1ea9m an to\u00e0n, nguy\u00ean v\u1eb9n khi \u0111\u1ebfn tay kh\u00e1ch h\u00e0ng.","robots":{"index":"index","follow":"follow","max-snippet":"max-snippet:-1","max-image-preview":"max-image-preview:large","max-video-preview":"max-video-preview:-1"},"canonical":"https:\/\/tramviet05.com\/?page_id=332","og_locale":"vi_VN","og_type":"article","og_title":"Ch\u00ednh s\u00e1ch v\u1eadn chuy\u1ec3n - TR\u1ea6M VI\u1ec6T","og_description":"Ch\u00ednh s\u00e1ch giao h\u00e0ng Tr\u1ea7m Vi\u1ec7t cam k\u1ebft giao nhanh to\u00e0n qu\u1ed1c, x\u1eed l\u00fd \u0111\u01a1n trong 24h, \u0111\u1ea3m b\u1ea3o s\u1ea3n ph\u1ea9m an to\u00e0n, nguy\u00ean v\u1eb9n khi \u0111\u1ebfn tay kh\u00e1ch h\u00e0ng.","og_url":"https:\/\/tramviet05.com\/?page_id=332","og_site_name":"TR\u1ea6M VI\u1ec6T","article_publisher":"https:\/\/www.facebook.com\/profile.php?id=61580647362725","article_modified_time":"2026-03-31T02:03:03+00:00","og_image":[{"url":"http:\/\/tramviet05.com\/wp-content\/uploads\/2026\/03\/Dong-goi-sarn-pham-cua-Tram-Viet.png","type":"","width":"","height":""}],"twitter_card":"summary_large_image","twitter_misc":{"\u01af\u1edbc t\u00ednh th\u1eddi gian \u0111\u1ecdc":"2 ph\u00fat"},"schema":{"@context":"https:\/\/schema.org","@graph":[{"@type":"WebPage","@id":"https:\/\/tramviet05.com\/?page_id=332","url":"https:\/\/tramviet05.com\/?page_id=332","name":"Ch\u00ednh s\u00e1ch v\u1eadn chuy\u1ec3n - TR\u1ea6M VI\u1ec6T","isPartOf":{"@id":"https:\/\/tramviet05.com\/#website"},"primaryImageOfPage":{"@id":"https:\/\/tramviet05.com\/?page_id=332#primaryimage"},"image":{"@id":"https:\/\/tramviet05.com\/?page_id=332#primaryimage"},"thumbnailUrl":"http:\/\/tramviet05.com\/wp-content\/uploads\/2026\/03\/Dong-goi-sarn-pham-cua-Tram-Viet.png","datePublished":"2026-03-30T02:40:52+00:00","dateModified":"2026-03-31T02:03:03+00:00","description":"Ch\u00ednh s\u00e1ch giao h\u00e0ng Tr\u1ea7m Vi\u1ec7t cam k\u1ebft giao nhanh to\u00e0n qu\u1ed1c, x\u1eed l\u00fd \u0111\u01a1n trong 24h, \u0111\u1ea3m b\u1ea3o s\u1ea3n ph\u1ea9m an to\u00e0n, nguy\u00ean v\u1eb9n khi \u0111\u1ebfn tay kh\u00e1ch h\u00e0ng.","breadcrumb":{"@id":"https:\/\/tramviet05.com\/?page_id=332#breadcrumb"},"inLanguage":"vi","potentialAction":[{"@type":"ReadAction","target":["https:\/\/tramviet05.com\/?page_id=332"]}]},{"@type":"ImageObject","inLanguage":"vi","@id":"https:\/\/tramviet05.com\/?page_id=332#primaryimage","url":"https:\/\/tramviet05.com\/wp-content\/uploads\/2026\/03\/Dong-goi-sarn-pham-cua-Tram-Viet.png","contentUrl":"https:\/\/tramviet05.com\/wp-content\/uploads\/2026\/03\/Dong-goi-sarn-pham-cua-Tram-Viet.png","width":392,"height":288},{"@type":"BreadcrumbList","@id":"https:\/\/tramviet05.com\/?page_id=332#breadcrumb","itemListElement":[{"@type":"ListItem","position":1,"name":"Trang ch\u1ee7","item":"https:\/\/tramviet05.com\/"},{"@type":"ListItem","position":2,"name":"Ch\u00ednh s\u00e1ch v\u1eadn chuy\u1ec3n"}]},{"@type":"WebSite","@id":"https:\/\/tramviet05.com\/#website","url":"https:\/\/tramviet05.com\/","name":"TR\u1ea6M VI\u1ec6T","description":"Chuy\u00ean cung c\u1ea5p c\u00e1c m\u1eb7t h\u00e0ng v\u1ec1 tr\u1ea7m h\u01b0\u01a1ng, uy t\u00edn v\u00e0 ch\u1ea5t l\u01b0\u1ee3ng cao","publisher":{"@id":"https:\/\/tramviet05.com\/#organization"},"potentialAction":[{"@type":"SearchAction","target":{"@type":"EntryPoint","urlTemplate":"https:\/\/tramviet05.com\/?s={search_term_string}"},"query-input":{"@type":"PropertyValueSpecification","valueRequired":true,"valueName":"search_term_string"}}],"inLanguage":"vi"},{"@type":"Organization","@id":"https:\/\/tramviet05.com\/#organization","name":"TR\u1ea6M VI\u1ec6T","url":"https:\/\/tramviet05.com\/","logo":{"@type":"ImageObject","inLanguage":"vi","@id":"https:\/\/tramviet05.com\/#\/schema\/logo\/image\/","url":"https:\/\/tramviet05.com\/wp-content\/uploads\/2026\/02\/tai-xuong-1.png","contentUrl":"https:\/\/tramviet05.com\/wp-content\/uploads\/2026\/02\/tai-xuong-1.png","width":382,"height":382,"caption":"TR\u1ea6M VI\u1ec6T"},"image":{"@id":"https:\/\/tramviet05.com\/#\/schema\/logo\/image\/"},"sameAs":["https:\/\/www.facebook.com\/profile.php?id=61580647362725"]}]}},"_links":{"self":[{"href":"https:\/\/tramviet05.com\/index.php?rest_route=\/wp\/v2\/pages\/332","targetHints":{"allow":["GET"]}}],"collection":[{"href":"https:\/\/tramviet05.com\/index.php?rest_route=\/wp\/v2\/pages"}],"about":[{"href":"https:\/\/tramviet05.com\/index.php?rest_route=\/wp\/v2\/types\/page"}],"author":[{"embeddable":true,"href":"https:\/\/tramviet05.com\/index.php?rest_route=\/wp\/v2\/users\/1"}],"replies":[{"embeddable":true,"href":"https:\/\/tramviet05.com\/index.php?rest_route=%2Fwp%2Fv2%2Fcomments&post=332"}],"version-history":[{"count":2,"href":"https:\/\/tramviet05.com\/index.php?rest_route=\/wp\/v2\/pages\/332\/revisions"}],"predecessor-version":[{"id":404,"href":"https:\/\/tramviet05.com\/index.php?rest_route=\/wp\/v2\/pages\/332\/revisions\/404"}],"wp:attachment":[{"href":"https:\/\/tramviet05.com\/index.php?rest_route=%2Fwp%2Fv2%2Fmedia&parent=332"}],"curies":[{"name":"wp","href":"https:\/\/api.w.org\/{rel}","templated":true}]}}