{"id":326,"date":"2026-03-30T02:29:47","date_gmt":"2026-03-30T02:29:47","guid":{"rendered":"http:\/\/tramviet05.com\/?page_id=326"},"modified":"2026-03-31T02:15:54","modified_gmt":"2026-03-31T02:15:54","slug":"chinh-sach-bao-mat-tram-viet","status":"publish","type":"page","link":"https:\/\/tramviet05.com\/?page_id=326","title":{"rendered":"Ch\u00ednh s\u00e1ch b\u1ea3o m\u1eadt"},"content":{"rendered":"\n<h1 class=\"wp-block-heading\"><strong>Ch\u00ednh S\u00e1ch B\u1ea3o M\u1eadt Tr\u1ea7m Vi\u1ec7t \u2013 B\u1ea3o V\u1ec7 Th\u00f4ng Tin Kh\u00e1ch H\u00e0ng An To\u00e0n<\/strong><\/h1>\n\n\n\n<p><strong>Ch\u00ednh s\u00e1ch b\u1ea3o m\u1eadt Tr\u1ea7m Vi\u1ec7t<\/strong> cam k\u1ebft b\u1ea3o v\u1ec7 tuy\u1ec7t \u0111\u1ed1i th\u00f4ng tin c\u00e1 nh\u00e2n kh\u00e1ch h\u00e0ng, \u0111\u1ea3m b\u1ea3o minh b\u1ea1ch khi truy c\u1eadp v\u00e0 mua s\u1eafm tr\u00ean website.<\/p>\n\n\n\n<h2 class=\"wp-block-heading\"><strong>1. M\u1ee5c \u0110\u00edch Thu Th\u1eadp Th\u00f4ng Tin \u2013 Ch\u00ednh S\u00e1ch B\u1ea3o M\u1eadt Tr\u1ea7m Vi\u1ec7t<\/strong><\/h2>\n\n\n\n<p>Vi\u1ec7c thu th\u1eadp th\u00f4ng tin trong <strong>ch\u00ednh s\u00e1ch b\u1ea3o m\u1eadt Tr\u1ea7m Vi\u1ec7t<\/strong> nh\u1eb1m:<\/p>\n\n\n\n<ul class=\"wp-block-list\">\n<li>Hi\u1ec3u r\u00f5 nhu c\u1ea7u kh\u00e1ch h\u00e0ng \u0111\u1ec3 n\u00e2ng cao ch\u1ea5t l\u01b0\u1ee3ng d\u1ecbch v\u1ee5<\/li>\n\n\n\n<li>C\u1eadp nh\u1eadt c\u00e1c ch\u01b0\u01a1ng tr\u00ecnh \u01b0u \u0111\u00e3i nhanh ch\u00f3ng<\/li>\n\n\n\n<li>H\u1ed7 tr\u1ee3 gi\u1ea3i \u0111\u00e1p th\u1eafc m\u1eafc, khi\u1ebfu n\u1ea1i k\u1ecbp th\u1eddi<\/li>\n<\/ul>\n\n\n\n<h3 class=\"wp-block-heading\"><strong>Th\u00f4ng tin thu th\u1eadp bao g\u1ed3m:<\/strong><\/h3>\n\n\n\n<ul class=\"wp-block-list\">\n<li>H\u1ecd v\u00e0 t\u00ean<\/li>\n\n\n\n<li>\u0110\u1ecba ch\u1ec9<\/li>\n\n\n\n<li>Email<\/li>\n\n\n\n<li>S\u1ed1 \u0111i\u1ec7n tho\u1ea1i<\/li>\n\n\n\n<li>N\u1ed9i dung li\u00ean h\u1ec7<\/li>\n<\/ul>\n\n\n\n<h2 class=\"wp-block-heading\"><strong>2. Ph\u1ea1m Vi S\u1eed D\u1ee5ng \u2013 Ch\u00ednh S\u00e1ch B\u1ea3o M\u1eadt Tr\u1ea7m Vi\u1ec7t<\/strong><\/h2>\n\n\n\n<p>Theo <strong>ch\u00ednh s\u00e1ch b\u1ea3o m\u1eadt Tr\u1ea7m Vi\u1ec7t<\/strong>, th\u00f4ng tin kh\u00e1ch h\u00e0ng \u0111\u01b0\u1ee3c s\u1eed d\u1ee5ng \u0111\u1ec3:<\/p>\n\n\n\n<ul class=\"wp-block-list\">\n<li>X\u1eed l\u00fd \u0111\u01a1n h\u00e0ng v\u00e0 giao h\u00e0ng<\/li>\n\n\n\n<li>Th\u00f4ng b\u00e1o t\u00ecnh tr\u1ea1ng \u0111\u01a1n h\u00e0ng<\/li>\n\n\n\n<li>H\u1ed7 tr\u1ee3 sau b\u00e1n h\u00e0ng<\/li>\n\n\n\n<li>Qu\u1ea3n l\u00fd l\u1ecbch s\u1eed giao d\u1ecbch<\/li>\n<\/ul>\n\n\n\n<p>&nbsp;Xem th\u00eam:<\/p>\n\n\n\n<ul class=\"wp-block-list\">\n<li><a href=\"http:\/\/chinh-sach-van-chuyen-tram-viet\">Ch\u00ednh s\u00e1ch v\u1eadn chuy\u1ec3n<\/a><\/li>\n\n\n\n<li>Ch\u00ednh s\u00e1ch \u0111\u1ed5i tr\u1ea3<\/li>\n<\/ul>\n\n\n\n<h2 class=\"wp-block-heading\"><strong>3. B\u1ea3o M\u1eadt V\u00e0 Chia S\u1ebb Th\u00f4ng Tin \u2013 Ch\u00ednh S\u00e1ch B\u1ea3o M\u1eadt Tr\u1ea7m Vi\u1ec7t<\/strong><\/h2>\n\n\n\n<p><strong>Ch\u00ednh s\u00e1ch b\u1ea3o m\u1eadt Tr\u1ea7m Vi\u1ec7t<\/strong> cam k\u1ebft:<\/p>\n\n\n\n<ul class=\"wp-block-list\">\n<li>Kh\u00f4ng mua b\u00e1n, trao \u0111\u1ed5i th\u00f4ng tin kh\u00e1ch h\u00e0ng<\/li>\n\n\n\n<li>Ch\u1ec9 s\u1eed d\u1ee5ng \u0111\u00fang m\u1ee5c \u0111\u00edch \u0111\u00e3 c\u00f4ng b\u1ed1<\/li>\n<\/ul>\n\n\n\n<h3 class=\"wp-block-heading\"><strong>Th\u00f4ng tin ch\u1ec9 \u0111\u01b0\u1ee3c chia s\u1ebb khi:<\/strong><\/h3>\n\n\n\n<ul class=\"wp-block-list\">\n<li>C\u00f3 s\u1ef1 \u0111\u1ed3ng \u00fd c\u1ee7a kh\u00e1ch h\u00e0ng<\/li>\n\n\n\n<li>Theo y\u00eau c\u1ea7u c\u01a1 quan nh\u00e0 n\u01b0\u1edbc<\/li>\n\n\n\n<li>B\u1ea3o v\u1ec7 quy\u1ec1n l\u1ee3i h\u1ee3p ph\u00e1p theo quy \u0111\u1ecbnh ph\u00e1p lu\u1eadt<\/li>\n<\/ul>\n\n\n\n<h2 class=\"wp-block-heading\"><strong>4. Th\u1eddi Gian L\u01b0u Tr\u1eef \u2013 Ch\u00ednh S\u00e1ch B\u1ea3o M\u1eadt Tr\u1ea7m Vi\u1ec7t<\/strong><\/h2>\n\n\n\n<p>Th\u00f4ng tin c\u00e1 nh\u00e2n s\u1ebd \u0111\u01b0\u1ee3c l\u01b0u tr\u1eef:<\/p>\n\n\n\n<ul class=\"wp-block-list\">\n<li>Trong th\u1eddi gian cung c\u1ea5p d\u1ecbch v\u1ee5<\/li>\n\n\n\n<li>Cho \u0111\u1ebfn khi ho\u00e0n th\u00e0nh m\u1ee5c \u0111\u00edch thu th\u1eadp<\/li>\n\n\n\n<li>Ho\u1eb7c khi kh\u00e1ch h\u00e0ng y\u00eau c\u1ea7u x\u00f3a<\/li>\n<\/ul>\n\n\n\n<h2 class=\"wp-block-heading\"><strong>5. Cam K\u1ebft B\u1ea3o M\u1eadt \u2013 Ch\u00ednh S\u00e1ch B\u1ea3o M\u1eadt Tr\u1ea7m Vi\u1ec7t<\/strong><\/h2>\n\n\n\n<p>Ch\u00fang t\u00f4i cam k\u1ebft:<\/p>\n\n\n\n<ul class=\"wp-block-list\">\n<li>B\u1ea3o v\u1ec7 tuy\u1ec7t \u0111\u1ed1i th\u00f4ng tin c\u00e1 nh\u00e2n<\/li>\n\n\n\n<li>\u00c1p d\u1ee5ng bi\u1ec7n ph\u00e1p k\u1ef9 thu\u1eadt \u0111\u1ea3m b\u1ea3o an to\u00e0n d\u1eef li\u1ec7u<\/li>\n\n\n\n<li>Mang l\u1ea1i s\u1ef1 an t\u00e2m khi mua s\u1eafm<\/li>\n<\/ul>\n\n\n\n<h2 class=\"wp-block-heading\"><strong>6. Quy\u1ec1n C\u1ee7a Kh\u00e1ch H\u00e0ng \u2013 Ch\u00ednh S\u00e1ch B\u1ea3o M\u1eadt Tr\u1ea7m Vi\u1ec7t<\/strong><\/h2>\n\n\n\n<p>Kh\u00e1ch h\u00e0ng c\u00f3 quy\u1ec1n:<\/p>\n\n\n\n<ul class=\"wp-block-list\">\n<li>Ki\u1ec3m tra, c\u1eadp nh\u1eadt th\u00f4ng tin c\u00e1 nh\u00e2n<\/li>\n\n\n\n<li>Y\u00eau c\u1ea7u ch\u1ec9nh s\u1eeda ho\u1eb7c x\u00f3a d\u1eef li\u1ec7u<\/li>\n\n\n\n<li>Ng\u1eebng s\u1eed d\u1ee5ng th\u00f4ng tin b\u1ea5t k\u1ef3 l\u00fac n\u00e0o<\/li>\n<\/ul>\n\n\n\n<p><\/p>\n","protected":false},"excerpt":{"rendered":"<p>Ch\u00ednh S\u00e1ch B\u1ea3o M\u1eadt Tr\u1ea7m Vi\u1ec7t \u2013 B\u1ea3o V\u1ec7 Th\u00f4ng Tin Kh\u00e1ch H\u00e0ng An To\u00e0n Ch\u00ednh s\u00e1ch b\u1ea3o m\u1eadt Tr\u1ea7m Vi\u1ec7t cam k\u1ebft b\u1ea3o v\u1ec7 tuy\u1ec7t \u0111\u1ed1i th\u00f4ng tin c\u00e1 nh\u00e2n kh\u00e1ch h\u00e0ng, \u0111\u1ea3m b\u1ea3o minh b\u1ea1ch khi truy c\u1eadp v\u00e0 mua s\u1eafm tr\u00ean website. 1. M\u1ee5c \u0110\u00edch Thu Th\u1eadp Th\u00f4ng Tin \u2013 Ch\u00ednh S\u00e1ch [&hellip;]<\/p>\n","protected":false},"author":1,"featured_media":395,"parent":0,"menu_order":0,"comment_status":"closed","ping_status":"closed","template":"","meta":{"postBodyCss":"","postBodyMargin":[],"postBodyPadding":[],"postBodyBackground":{"backgroundType":"classic","gradient":""},"footnotes":""},"class_list":["post-326","page","type-page","status-publish","has-post-thumbnail","hentry"],"yoast_head":"<!-- This site is optimized with the Yoast SEO plugin v27.4 - https:\/\/yoast.com\/product\/yoast-seo-wordpress\/ -->\n<title>Ch\u00ednh s\u00e1ch b\u1ea3o m\u1eadt - TR\u1ea6M VI\u1ec6T<\/title>\n<meta name=\"description\" content=\"Ch\u00ednh s\u00e1ch b\u1ea3o m\u1eadt Tr\u1ea7m Vi\u1ec7t cam k\u1ebft b\u1ea3o v\u1ec7 th\u00f4ng tin kh\u00e1ch h\u00e0ng an to\u00e0n, minh b\u1ea1ch v\u00e0 \u0111\u1ea3m b\u1ea3o quy\u1ec1n ri\u00eang t\u01b0 khi mua s\u1eafm.\" \/>\n<meta name=\"robots\" content=\"index, follow, max-snippet:-1, max-image-preview:large, max-video-preview:-1\" \/>\n<link rel=\"canonical\" href=\"https:\/\/tramviet05.com\/?page_id=326\" \/>\n<meta property=\"og:locale\" content=\"vi_VN\" \/>\n<meta property=\"og:type\" content=\"article\" \/>\n<meta property=\"og:title\" content=\"Ch\u00ednh s\u00e1ch b\u1ea3o m\u1eadt - TR\u1ea6M VI\u1ec6T\" \/>\n<meta property=\"og:description\" content=\"Ch\u00ednh s\u00e1ch b\u1ea3o m\u1eadt Tr\u1ea7m Vi\u1ec7t cam k\u1ebft b\u1ea3o v\u1ec7 th\u00f4ng tin kh\u00e1ch h\u00e0ng an to\u00e0n, minh b\u1ea1ch v\u00e0 \u0111\u1ea3m b\u1ea3o quy\u1ec1n ri\u00eang t\u01b0 khi mua s\u1eafm.\" \/>\n<meta property=\"og:url\" content=\"https:\/\/tramviet05.com\/?page_id=326\" \/>\n<meta property=\"og:site_name\" content=\"TR\u1ea6M VI\u1ec6T\" \/>\n<meta property=\"article:publisher\" content=\"https:\/\/www.facebook.com\/profile.php?id=61580647362725\" \/>\n<meta property=\"article:modified_time\" content=\"2026-03-31T02:15:54+00:00\" \/>\n<meta property=\"og:image\" content=\"https:\/\/tramviet05.com\/wp-content\/uploads\/2026\/03\/20240731_IZqiy0pd.png\" \/>\n\t<meta property=\"og:image:width\" content=\"800\" \/>\n\t<meta property=\"og:image:height\" content=\"450\" \/>\n\t<meta property=\"og:image:type\" content=\"image\/png\" \/>\n<meta name=\"twitter:card\" content=\"summary_large_image\" \/>\n<meta name=\"twitter:label1\" content=\"\u01af\u1edbc t\u00ednh th\u1eddi gian \u0111\u1ecdc\" \/>\n\t<meta name=\"twitter:data1\" content=\"3 ph\u00fat\" \/>\n<script type=\"application\/ld+json\" class=\"yoast-schema-graph\">{\"@context\":\"https:\\\/\\\/schema.org\",\"@graph\":[{\"@type\":\"WebPage\",\"@id\":\"https:\\\/\\\/tramviet05.com\\\/?page_id=326\",\"url\":\"https:\\\/\\\/tramviet05.com\\\/?page_id=326\",\"name\":\"Ch\u00ednh s\u00e1ch b\u1ea3o m\u1eadt - TR\u1ea6M VI\u1ec6T\",\"isPartOf\":{\"@id\":\"https:\\\/\\\/tramviet05.com\\\/#website\"},\"primaryImageOfPage\":{\"@id\":\"https:\\\/\\\/tramviet05.com\\\/?page_id=326#primaryimage\"},\"image\":{\"@id\":\"https:\\\/\\\/tramviet05.com\\\/?page_id=326#primaryimage\"},\"thumbnailUrl\":\"https:\\\/\\\/tramviet05.com\\\/wp-content\\\/uploads\\\/2026\\\/03\\\/20240731_IZqiy0pd.png\",\"datePublished\":\"2026-03-30T02:29:47+00:00\",\"dateModified\":\"2026-03-31T02:15:54+00:00\",\"description\":\"Ch\u00ednh s\u00e1ch b\u1ea3o m\u1eadt Tr\u1ea7m Vi\u1ec7t cam k\u1ebft b\u1ea3o v\u1ec7 th\u00f4ng tin kh\u00e1ch h\u00e0ng an to\u00e0n, minh b\u1ea1ch v\u00e0 \u0111\u1ea3m b\u1ea3o quy\u1ec1n ri\u00eang t\u01b0 khi mua s\u1eafm.\",\"breadcrumb\":{\"@id\":\"https:\\\/\\\/tramviet05.com\\\/?page_id=326#breadcrumb\"},\"inLanguage\":\"vi\",\"potentialAction\":[{\"@type\":\"ReadAction\",\"target\":[\"https:\\\/\\\/tramviet05.com\\\/?page_id=326\"]}]},{\"@type\":\"ImageObject\",\"inLanguage\":\"vi\",\"@id\":\"https:\\\/\\\/tramviet05.com\\\/?page_id=326#primaryimage\",\"url\":\"https:\\\/\\\/tramviet05.com\\\/wp-content\\\/uploads\\\/2026\\\/03\\\/20240731_IZqiy0pd.png\",\"contentUrl\":\"https:\\\/\\\/tramviet05.com\\\/wp-content\\\/uploads\\\/2026\\\/03\\\/20240731_IZqiy0pd.png\",\"width\":800,\"height\":450,\"caption\":\"Ch\u00ednh s\u00e1ch b\u1ea3o m\u1eadt Tr\u1ea7m Vi\u1ec7t cam k\u1ebft b\u1ea3o v\u1ec7 th\u00f4ng tin kh\u00e1ch h\u00e0ng, minh b\u1ea1ch, t\u1ea5t c\u1ea3 \u0111\u1ec1u s\u1eed d\u1ee5ng \u0111\u00fang m\u1ee5c \u0111\u00edch v\u00e0 \u0111\u1ea3m b\u1ea3o quy\u1ec1n ri\u00eang t\u01b0 khi mua s\u1eafm online.\"},{\"@type\":\"BreadcrumbList\",\"@id\":\"https:\\\/\\\/tramviet05.com\\\/?page_id=326#breadcrumb\",\"itemListElement\":[{\"@type\":\"ListItem\",\"position\":1,\"name\":\"Trang ch\u1ee7\",\"item\":\"https:\\\/\\\/tramviet05.com\\\/\"},{\"@type\":\"ListItem\",\"position\":2,\"name\":\"Ch\u00ednh s\u00e1ch b\u1ea3o m\u1eadt\"}]},{\"@type\":\"WebSite\",\"@id\":\"https:\\\/\\\/tramviet05.com\\\/#website\",\"url\":\"https:\\\/\\\/tramviet05.com\\\/\",\"name\":\"TR\u1ea6M VI\u1ec6T\",\"description\":\"Chuy\u00ean cung c\u1ea5p c\u00e1c m\u1eb7t h\u00e0ng v\u1ec1 tr\u1ea7m h\u01b0\u01a1ng, uy t\u00edn v\u00e0 ch\u1ea5t l\u01b0\u1ee3ng cao\",\"publisher\":{\"@id\":\"https:\\\/\\\/tramviet05.com\\\/#organization\"},\"potentialAction\":[{\"@type\":\"SearchAction\",\"target\":{\"@type\":\"EntryPoint\",\"urlTemplate\":\"https:\\\/\\\/tramviet05.com\\\/?s={search_term_string}\"},\"query-input\":{\"@type\":\"PropertyValueSpecification\",\"valueRequired\":true,\"valueName\":\"search_term_string\"}}],\"inLanguage\":\"vi\"},{\"@type\":\"Organization\",\"@id\":\"https:\\\/\\\/tramviet05.com\\\/#organization\",\"name\":\"TR\u1ea6M VI\u1ec6T\",\"url\":\"https:\\\/\\\/tramviet05.com\\\/\",\"logo\":{\"@type\":\"ImageObject\",\"inLanguage\":\"vi\",\"@id\":\"https:\\\/\\\/tramviet05.com\\\/#\\\/schema\\\/logo\\\/image\\\/\",\"url\":\"https:\\\/\\\/tramviet05.com\\\/wp-content\\\/uploads\\\/2026\\\/02\\\/tai-xuong-1.png\",\"contentUrl\":\"https:\\\/\\\/tramviet05.com\\\/wp-content\\\/uploads\\\/2026\\\/02\\\/tai-xuong-1.png\",\"width\":382,\"height\":382,\"caption\":\"TR\u1ea6M VI\u1ec6T\"},\"image\":{\"@id\":\"https:\\\/\\\/tramviet05.com\\\/#\\\/schema\\\/logo\\\/image\\\/\"},\"sameAs\":[\"https:\\\/\\\/www.facebook.com\\\/profile.php?id=61580647362725\"]}]}<\/script>\n<!-- \/ Yoast SEO plugin. -->","yoast_head_json":{"title":"Ch\u00ednh s\u00e1ch b\u1ea3o m\u1eadt - TR\u1ea6M VI\u1ec6T","description":"Ch\u00ednh s\u00e1ch b\u1ea3o m\u1eadt Tr\u1ea7m Vi\u1ec7t cam k\u1ebft b\u1ea3o v\u1ec7 th\u00f4ng tin kh\u00e1ch h\u00e0ng an to\u00e0n, minh b\u1ea1ch v\u00e0 \u0111\u1ea3m b\u1ea3o quy\u1ec1n ri\u00eang t\u01b0 khi mua s\u1eafm.","robots":{"index":"index","follow":"follow","max-snippet":"max-snippet:-1","max-image-preview":"max-image-preview:large","max-video-preview":"max-video-preview:-1"},"canonical":"https:\/\/tramviet05.com\/?page_id=326","og_locale":"vi_VN","og_type":"article","og_title":"Ch\u00ednh s\u00e1ch b\u1ea3o m\u1eadt - TR\u1ea6M VI\u1ec6T","og_description":"Ch\u00ednh s\u00e1ch b\u1ea3o m\u1eadt Tr\u1ea7m Vi\u1ec7t cam k\u1ebft b\u1ea3o v\u1ec7 th\u00f4ng tin kh\u00e1ch h\u00e0ng an to\u00e0n, minh b\u1ea1ch v\u00e0 \u0111\u1ea3m b\u1ea3o quy\u1ec1n ri\u00eang t\u01b0 khi mua s\u1eafm.","og_url":"https:\/\/tramviet05.com\/?page_id=326","og_site_name":"TR\u1ea6M VI\u1ec6T","article_publisher":"https:\/\/www.facebook.com\/profile.php?id=61580647362725","article_modified_time":"2026-03-31T02:15:54+00:00","og_image":[{"width":800,"height":450,"url":"https:\/\/tramviet05.com\/wp-content\/uploads\/2026\/03\/20240731_IZqiy0pd.png","type":"image\/png"}],"twitter_card":"summary_large_image","twitter_misc":{"\u01af\u1edbc t\u00ednh th\u1eddi gian \u0111\u1ecdc":"3 ph\u00fat"},"schema":{"@context":"https:\/\/schema.org","@graph":[{"@type":"WebPage","@id":"https:\/\/tramviet05.com\/?page_id=326","url":"https:\/\/tramviet05.com\/?page_id=326","name":"Ch\u00ednh s\u00e1ch b\u1ea3o m\u1eadt - TR\u1ea6M VI\u1ec6T","isPartOf":{"@id":"https:\/\/tramviet05.com\/#website"},"primaryImageOfPage":{"@id":"https:\/\/tramviet05.com\/?page_id=326#primaryimage"},"image":{"@id":"https:\/\/tramviet05.com\/?page_id=326#primaryimage"},"thumbnailUrl":"https:\/\/tramviet05.com\/wp-content\/uploads\/2026\/03\/20240731_IZqiy0pd.png","datePublished":"2026-03-30T02:29:47+00:00","dateModified":"2026-03-31T02:15:54+00:00","description":"Ch\u00ednh s\u00e1ch b\u1ea3o m\u1eadt Tr\u1ea7m Vi\u1ec7t cam k\u1ebft b\u1ea3o v\u1ec7 th\u00f4ng tin kh\u00e1ch h\u00e0ng an to\u00e0n, minh b\u1ea1ch v\u00e0 \u0111\u1ea3m b\u1ea3o quy\u1ec1n ri\u00eang t\u01b0 khi mua s\u1eafm.","breadcrumb":{"@id":"https:\/\/tramviet05.com\/?page_id=326#breadcrumb"},"inLanguage":"vi","potentialAction":[{"@type":"ReadAction","target":["https:\/\/tramviet05.com\/?page_id=326"]}]},{"@type":"ImageObject","inLanguage":"vi","@id":"https:\/\/tramviet05.com\/?page_id=326#primaryimage","url":"https:\/\/tramviet05.com\/wp-content\/uploads\/2026\/03\/20240731_IZqiy0pd.png","contentUrl":"https:\/\/tramviet05.com\/wp-content\/uploads\/2026\/03\/20240731_IZqiy0pd.png","width":800,"height":450,"caption":"Ch\u00ednh s\u00e1ch b\u1ea3o m\u1eadt Tr\u1ea7m Vi\u1ec7t cam k\u1ebft b\u1ea3o v\u1ec7 th\u00f4ng tin kh\u00e1ch h\u00e0ng, minh b\u1ea1ch, t\u1ea5t c\u1ea3 \u0111\u1ec1u s\u1eed d\u1ee5ng \u0111\u00fang m\u1ee5c \u0111\u00edch v\u00e0 \u0111\u1ea3m b\u1ea3o quy\u1ec1n ri\u00eang t\u01b0 khi mua s\u1eafm online."},{"@type":"BreadcrumbList","@id":"https:\/\/tramviet05.com\/?page_id=326#breadcrumb","itemListElement":[{"@type":"ListItem","position":1,"name":"Trang ch\u1ee7","item":"https:\/\/tramviet05.com\/"},{"@type":"ListItem","position":2,"name":"Ch\u00ednh s\u00e1ch b\u1ea3o m\u1eadt"}]},{"@type":"WebSite","@id":"https:\/\/tramviet05.com\/#website","url":"https:\/\/tramviet05.com\/","name":"TR\u1ea6M VI\u1ec6T","description":"Chuy\u00ean cung c\u1ea5p c\u00e1c m\u1eb7t h\u00e0ng v\u1ec1 tr\u1ea7m h\u01b0\u01a1ng, uy t\u00edn v\u00e0 ch\u1ea5t l\u01b0\u1ee3ng cao","publisher":{"@id":"https:\/\/tramviet05.com\/#organization"},"potentialAction":[{"@type":"SearchAction","target":{"@type":"EntryPoint","urlTemplate":"https:\/\/tramviet05.com\/?s={search_term_string}"},"query-input":{"@type":"PropertyValueSpecification","valueRequired":true,"valueName":"search_term_string"}}],"inLanguage":"vi"},{"@type":"Organization","@id":"https:\/\/tramviet05.com\/#organization","name":"TR\u1ea6M VI\u1ec6T","url":"https:\/\/tramviet05.com\/","logo":{"@type":"ImageObject","inLanguage":"vi","@id":"https:\/\/tramviet05.com\/#\/schema\/logo\/image\/","url":"https:\/\/tramviet05.com\/wp-content\/uploads\/2026\/02\/tai-xuong-1.png","contentUrl":"https:\/\/tramviet05.com\/wp-content\/uploads\/2026\/02\/tai-xuong-1.png","width":382,"height":382,"caption":"TR\u1ea6M VI\u1ec6T"},"image":{"@id":"https:\/\/tramviet05.com\/#\/schema\/logo\/image\/"},"sameAs":["https:\/\/www.facebook.com\/profile.php?id=61580647362725"]}]}},"_links":{"self":[{"href":"https:\/\/tramviet05.com\/index.php?rest_route=\/wp\/v2\/pages\/326","targetHints":{"allow":["GET"]}}],"collection":[{"href":"https:\/\/tramviet05.com\/index.php?rest_route=\/wp\/v2\/pages"}],"about":[{"href":"https:\/\/tramviet05.com\/index.php?rest_route=\/wp\/v2\/types\/page"}],"author":[{"embeddable":true,"href":"https:\/\/tramviet05.com\/index.php?rest_route=\/wp\/v2\/users\/1"}],"replies":[{"embeddable":true,"href":"https:\/\/tramviet05.com\/index.php?rest_route=%2Fwp%2Fv2%2Fcomments&post=326"}],"version-history":[{"count":7,"href":"https:\/\/tramviet05.com\/index.php?rest_route=\/wp\/v2\/pages\/326\/revisions"}],"predecessor-version":[{"id":408,"href":"https:\/\/tramviet05.com\/index.php?rest_route=\/wp\/v2\/pages\/326\/revisions\/408"}],"wp:featuredmedia":[{"embeddable":true,"href":"https:\/\/tramviet05.com\/index.php?rest_route=\/wp\/v2\/media\/395"}],"wp:attachment":[{"href":"https:\/\/tramviet05.com\/index.php?rest_route=%2Fwp%2Fv2%2Fmedia&parent=326"}],"curies":[{"name":"wp","href":"https:\/\/api.w.org\/{rel}","templated":true}]}}